{"id":857,"date":"2015-11-26T09:07:08","date_gmt":"2015-11-26T09:07:08","guid":{"rendered":"https:\/\/www.miurltemporal.com\/main\/encompaniadelobos.com\/new\/en\/en-compania-de-lobos\/"},"modified":"2023-03-20T10:24:42","modified_gmt":"2023-03-20T09:24:42","slug":"history","status":"publish","type":"page","link":"https:\/\/grupotragaluz.com\/en\/history\/","title":{"rendered":"History"},"content":{"rendered":"<p><strong>TOM\u00c1S TARRUELLA<\/strong> is a creative entrepreneur working within the world of restaurants. For over 20 years he has been creating a diverse range of spaces, each with a unique concept. The starting point, inspiration, and cultural influences vary for each project, yet they always share the same essence: spaces with character,  quality interior design and gastronomy, with an avant-garde ambience, and fairly priced.<\/p>\n<p>Both for <strong>EN COMPA\u00d1\u00cdA DE LOBOS<\/strong>  (of which he is founder) and for the brand <strong>GRUPO TRAGALUZ<\/strong> (of which he is co-founder) each of Tom\u00e1s&#8217;s unique restaurants is born out of his particular vision and understanding of gastronomy, as well as his personal interests and life experiences, his travels and his curiosity for other cultures.<\/p>\n<p>Since its beginning in 2013, <strong>EN COMPA\u00d1\u00cdA DE LOBOS<\/strong> has been a personal project for Tom\u00e1s and is the result of his adventurous spirit blended with his extensive experience in the creation of restaurant concepts.<br \/>\n<strong><br \/>\nEN COMPA\u00d1\u00cdA DE LOBOS<\/strong> currently has 10 restaurants located in Barcelona, Madrid, and Mallorca: Gallito (2013, Barcelona), Ana la Santa (2013, Madrid), Bosco de Lobos (2014, Madrid), Palmito (2015, Barcelona), The Green Spot (2016, Barcelona), Gats (2016, Barcelona), Isla Tortuga (2017, Barcelona), Spot (2017, Mallorca), Camping Mar (2019) and Green Spot Diagonal (2022).<\/p>\n","protected":false},"excerpt":{"rendered":"<p>TOM\u00c1S TARRUELLA is a creative entrepreneur working within the world of restaurants. For over 20 years he has been creating a diverse range of spaces,<\/p>\n","protected":false},"author":2,"featured_media":0,"parent":0,"menu_order":41,"comment_status":"closed","ping_status":"closed","template":"page-post.php","meta":{"_acf_changed":false,"footnotes":""},"class_list":["post-857","page","type-page","status-publish","hentry"],"acf":[],"yoast_head":"<!-- This site is optimized with the Yoast SEO plugin v27.3 - https:\/\/yoast.com\/product\/yoast-seo-wordpress\/ -->\n<title>History - Grupo Tragaluz<\/title>\n<meta name=\"description\" content=\"Restaurantes Grupo Tragaluz. Cada una de las propuestas del grupo tiene un car\u00e1cter propio, fruto de un estudiado equilibrio entre gastronom\u00eda y dise\u00f1o.\" \/>\n<meta name=\"robots\" content=\"index, follow, max-snippet:-1, max-image-preview:large, max-video-preview:-1\" \/>\n<link rel=\"canonical\" href=\"https:\/\/grupotragaluz.com\/en\/history\/\" \/>\n<meta property=\"og:locale\" content=\"en_US\" \/>\n<meta property=\"og:type\" content=\"article\" \/>\n<meta property=\"og:title\" content=\"History - Grupo Tragaluz\" \/>\n<meta property=\"og:description\" content=\"Restaurantes Grupo Tragaluz. Cada una de las propuestas del grupo tiene un car\u00e1cter propio, fruto de un estudiado equilibrio entre gastronom\u00eda y dise\u00f1o.\" \/>\n<meta property=\"og:url\" content=\"https:\/\/grupotragaluz.com\/en\/history\/\" \/>\n<meta property=\"og:site_name\" content=\"Grupo Tragaluz\" \/>\n<meta property=\"article:modified_time\" content=\"2023-03-20T09:24:42+00:00\" \/>\n<meta name=\"twitter:card\" content=\"summary_large_image\" \/>\n<meta name=\"twitter:label1\" content=\"Est. reading time\" \/>\n\t<meta name=\"twitter:data1\" content=\"1 minute\" \/>\n<script type=\"application\/ld+json\" class=\"yoast-schema-graph\">{\"@context\":\"https:\\\/\\\/schema.org\",\"@graph\":[{\"@type\":\"WebPage\",\"@id\":\"https:\\\/\\\/grupotragaluz.com\\\/en\\\/history\\\/\",\"url\":\"https:\\\/\\\/grupotragaluz.com\\\/en\\\/history\\\/\",\"name\":\"History - Grupo Tragaluz\",\"isPartOf\":{\"@id\":\"https:\\\/\\\/grupotragaluz.com\\\/en\\\/#website\"},\"datePublished\":\"2015-11-26T09:07:08+00:00\",\"dateModified\":\"2023-03-20T09:24:42+00:00\",\"description\":\"Restaurantes Grupo Tragaluz. Cada una de las propuestas del grupo tiene un car\u00e1cter propio, fruto de un estudiado equilibrio entre gastronom\u00eda y dise\u00f1o.\",\"breadcrumb\":{\"@id\":\"https:\\\/\\\/grupotragaluz.com\\\/en\\\/history\\\/#breadcrumb\"},\"inLanguage\":\"en-US\",\"potentialAction\":[{\"@type\":\"ReadAction\",\"target\":[\"https:\\\/\\\/grupotragaluz.com\\\/en\\\/history\\\/\"]}]},{\"@type\":\"BreadcrumbList\",\"@id\":\"https:\\\/\\\/grupotragaluz.com\\\/en\\\/history\\\/#breadcrumb\",\"itemListElement\":[{\"@type\":\"ListItem\",\"position\":1,\"name\":\"Portada\",\"item\":\"https:\\\/\\\/grupotragaluz.com\\\/en\\\/\"},{\"@type\":\"ListItem\",\"position\":2,\"name\":\"History\"}]},{\"@type\":\"WebSite\",\"@id\":\"https:\\\/\\\/grupotragaluz.com\\\/en\\\/#website\",\"url\":\"https:\\\/\\\/grupotragaluz.com\\\/en\\\/\",\"name\":\"Grupo Tragaluz\",\"description\":\"Restaurantes Grupo Tragaluz. Cada una de las propuestas del grupo tiene un car\u00e1cter propio, fruto de un estudiado equilibrio entre gastronom\u00eda y dise\u00f1o.\",\"potentialAction\":[{\"@type\":\"SearchAction\",\"target\":{\"@type\":\"EntryPoint\",\"urlTemplate\":\"https:\\\/\\\/grupotragaluz.com\\\/en\\\/?s={search_term_string}\"},\"query-input\":{\"@type\":\"PropertyValueSpecification\",\"valueRequired\":true,\"valueName\":\"search_term_string\"}}],\"inLanguage\":\"en-US\"}]}<\/script>\n<!-- \/ Yoast SEO plugin. -->","yoast_head_json":{"title":"History - Grupo Tragaluz","description":"Restaurantes Grupo Tragaluz. Cada una de las propuestas del grupo tiene un car\u00e1cter propio, fruto de un estudiado equilibrio entre gastronom\u00eda y dise\u00f1o.","robots":{"index":"index","follow":"follow","max-snippet":"max-snippet:-1","max-image-preview":"max-image-preview:large","max-video-preview":"max-video-preview:-1"},"canonical":"https:\/\/grupotragaluz.com\/en\/history\/","og_locale":"en_US","og_type":"article","og_title":"History - Grupo Tragaluz","og_description":"Restaurantes Grupo Tragaluz. Cada una de las propuestas del grupo tiene un car\u00e1cter propio, fruto de un estudiado equilibrio entre gastronom\u00eda y dise\u00f1o.","og_url":"https:\/\/grupotragaluz.com\/en\/history\/","og_site_name":"Grupo Tragaluz","article_modified_time":"2023-03-20T09:24:42+00:00","twitter_card":"summary_large_image","twitter_misc":{"Est. reading time":"1 minute"},"schema":{"@context":"https:\/\/schema.org","@graph":[{"@type":"WebPage","@id":"https:\/\/grupotragaluz.com\/en\/history\/","url":"https:\/\/grupotragaluz.com\/en\/history\/","name":"History - Grupo Tragaluz","isPartOf":{"@id":"https:\/\/grupotragaluz.com\/en\/#website"},"datePublished":"2015-11-26T09:07:08+00:00","dateModified":"2023-03-20T09:24:42+00:00","description":"Restaurantes Grupo Tragaluz. Cada una de las propuestas del grupo tiene un car\u00e1cter propio, fruto de un estudiado equilibrio entre gastronom\u00eda y dise\u00f1o.","breadcrumb":{"@id":"https:\/\/grupotragaluz.com\/en\/history\/#breadcrumb"},"inLanguage":"en-US","potentialAction":[{"@type":"ReadAction","target":["https:\/\/grupotragaluz.com\/en\/history\/"]}]},{"@type":"BreadcrumbList","@id":"https:\/\/grupotragaluz.com\/en\/history\/#breadcrumb","itemListElement":[{"@type":"ListItem","position":1,"name":"Portada","item":"https:\/\/grupotragaluz.com\/en\/"},{"@type":"ListItem","position":2,"name":"History"}]},{"@type":"WebSite","@id":"https:\/\/grupotragaluz.com\/en\/#website","url":"https:\/\/grupotragaluz.com\/en\/","name":"Grupo Tragaluz","description":"Restaurantes Grupo Tragaluz. Cada una de las propuestas del grupo tiene un car\u00e1cter propio, fruto de un estudiado equilibrio entre gastronom\u00eda y dise\u00f1o.","potentialAction":[{"@type":"SearchAction","target":{"@type":"EntryPoint","urlTemplate":"https:\/\/grupotragaluz.com\/en\/?s={search_term_string}"},"query-input":{"@type":"PropertyValueSpecification","valueRequired":true,"valueName":"search_term_string"}}],"inLanguage":"en-US"}]}},"publishpress_future_action":{"enabled":false,"date":"2026-05-03 00:00:06","action":"change-status","newStatus":"draft","terms":[],"taxonomy":"translation_priority","extraData":[]},"publishpress_future_workflow_manual_trigger":{"enabledWorkflows":[]},"_links":{"self":[{"href":"https:\/\/grupotragaluz.com\/en\/wp-json\/wp\/v2\/pages\/857","targetHints":{"allow":["GET"]}}],"collection":[{"href":"https:\/\/grupotragaluz.com\/en\/wp-json\/wp\/v2\/pages"}],"about":[{"href":"https:\/\/grupotragaluz.com\/en\/wp-json\/wp\/v2\/types\/page"}],"author":[{"embeddable":true,"href":"https:\/\/grupotragaluz.com\/en\/wp-json\/wp\/v2\/users\/2"}],"replies":[{"embeddable":true,"href":"https:\/\/grupotragaluz.com\/en\/wp-json\/wp\/v2\/comments?post=857"}],"version-history":[{"count":1,"href":"https:\/\/grupotragaluz.com\/en\/wp-json\/wp\/v2\/pages\/857\/revisions"}],"predecessor-version":[{"id":24872,"href":"https:\/\/grupotragaluz.com\/en\/wp-json\/wp\/v2\/pages\/857\/revisions\/24872"}],"wp:attachment":[{"href":"https:\/\/grupotragaluz.com\/en\/wp-json\/wp\/v2\/media?parent=857"}],"curies":[{"name":"wp","href":"https:\/\/api.w.org\/{rel}","templated":true}]}}