{"id":5427,"date":"2018-03-23T11:29:35","date_gmt":"2018-03-23T10:29:35","guid":{"rendered":"https:\/\/www.miurltemporal.com\/main\/encompaniadelobos.com\/new\/regala\/"},"modified":"2023-02-13T13:43:07","modified_gmt":"2023-02-13T12:43:07","slug":"regala","status":"publish","type":"page","link":"https:\/\/grupotragaluz.com\/en\/regala\/","title":{"rendered":"Regala"},"content":{"rendered":"","protected":false},"excerpt":{"rendered":"","protected":false},"author":2,"featured_media":0,"parent":0,"menu_order":19,"comment_status":"closed","ping_status":"closed","template":"page-regala.php","meta":{"_acf_changed":false,"footnotes":""},"class_list":["post-5427","page","type-page","status-publish","hentry"],"acf":[],"yoast_head":"<!-- This site is optimized with the Yoast SEO plugin v27.3 - https:\/\/yoast.com\/product\/yoast-seo-wordpress\/ -->\n<title>Regala - Grupo Tragaluz<\/title>\n<meta name=\"description\" content=\"Are you thinking about treating someone to lunch or dinner? Take a look at the variety of gift options available.\" \/>\n<meta name=\"robots\" content=\"noindex, nofollow\" \/>\n<meta property=\"og:locale\" content=\"en_US\" \/>\n<meta property=\"og:type\" content=\"article\" \/>\n<meta property=\"og:title\" content=\"Regala - Grupo Tragaluz\" \/>\n<meta property=\"og:description\" content=\"Are you thinking about treating someone to lunch or dinner? Take a look at the variety of gift options available.\" \/>\n<meta property=\"og:url\" content=\"https:\/\/grupotragaluz.com\/en\/regala\/\" \/>\n<meta property=\"og:site_name\" content=\"Grupo Tragaluz\" \/>\n<meta property=\"article:modified_time\" content=\"2023-02-13T12:43:07+00:00\" \/>\n<meta name=\"twitter:card\" content=\"summary_large_image\" \/>\n<script type=\"application\/ld+json\" class=\"yoast-schema-graph\">{\"@context\":\"https:\\\/\\\/schema.org\",\"@graph\":[{\"@type\":\"WebPage\",\"@id\":\"https:\\\/\\\/grupotragaluz.com\\\/en\\\/regala\\\/\",\"url\":\"https:\\\/\\\/grupotragaluz.com\\\/en\\\/regala\\\/\",\"name\":\"Regala - Grupo Tragaluz\",\"isPartOf\":{\"@id\":\"https:\\\/\\\/grupotragaluz.com\\\/en\\\/#website\"},\"datePublished\":\"2018-03-23T10:29:35+00:00\",\"dateModified\":\"2023-02-13T12:43:07+00:00\",\"description\":\"Are you thinking about treating someone to lunch or dinner? Take a look at the variety of gift options available.\",\"breadcrumb\":{\"@id\":\"https:\\\/\\\/grupotragaluz.com\\\/en\\\/regala\\\/#breadcrumb\"},\"inLanguage\":\"en-US\",\"potentialAction\":[{\"@type\":\"ReadAction\",\"target\":[\"https:\\\/\\\/grupotragaluz.com\\\/en\\\/regala\\\/\"]}]},{\"@type\":\"BreadcrumbList\",\"@id\":\"https:\\\/\\\/grupotragaluz.com\\\/en\\\/regala\\\/#breadcrumb\",\"itemListElement\":[{\"@type\":\"ListItem\",\"position\":1,\"name\":\"Portada\",\"item\":\"https:\\\/\\\/grupotragaluz.com\\\/en\\\/\"},{\"@type\":\"ListItem\",\"position\":2,\"name\":\"Regala\"}]},{\"@type\":\"WebSite\",\"@id\":\"https:\\\/\\\/grupotragaluz.com\\\/en\\\/#website\",\"url\":\"https:\\\/\\\/grupotragaluz.com\\\/en\\\/\",\"name\":\"Grupo Tragaluz\",\"description\":\"Restaurantes Grupo Tragaluz. Cada una de las propuestas del grupo tiene un car\u00e1cter propio, fruto de un estudiado equilibrio entre gastronom\u00eda y dise\u00f1o.\",\"potentialAction\":[{\"@type\":\"SearchAction\",\"target\":{\"@type\":\"EntryPoint\",\"urlTemplate\":\"https:\\\/\\\/grupotragaluz.com\\\/en\\\/?s={search_term_string}\"},\"query-input\":{\"@type\":\"PropertyValueSpecification\",\"valueRequired\":true,\"valueName\":\"search_term_string\"}}],\"inLanguage\":\"en-US\"}]}<\/script>\n<!-- \/ Yoast SEO plugin. -->","yoast_head_json":{"title":"Regala - Grupo Tragaluz","description":"Are you thinking about treating someone to lunch or dinner? Take a look at the variety of gift options available.","robots":{"index":"noindex","follow":"nofollow"},"og_locale":"en_US","og_type":"article","og_title":"Regala - Grupo Tragaluz","og_description":"Are you thinking about treating someone to lunch or dinner? Take a look at the variety of gift options available.","og_url":"https:\/\/grupotragaluz.com\/en\/regala\/","og_site_name":"Grupo Tragaluz","article_modified_time":"2023-02-13T12:43:07+00:00","twitter_card":"summary_large_image","schema":{"@context":"https:\/\/schema.org","@graph":[{"@type":"WebPage","@id":"https:\/\/grupotragaluz.com\/en\/regala\/","url":"https:\/\/grupotragaluz.com\/en\/regala\/","name":"Regala - Grupo Tragaluz","isPartOf":{"@id":"https:\/\/grupotragaluz.com\/en\/#website"},"datePublished":"2018-03-23T10:29:35+00:00","dateModified":"2023-02-13T12:43:07+00:00","description":"Are you thinking about treating someone to lunch or dinner? Take a look at the variety of gift options available.","breadcrumb":{"@id":"https:\/\/grupotragaluz.com\/en\/regala\/#breadcrumb"},"inLanguage":"en-US","potentialAction":[{"@type":"ReadAction","target":["https:\/\/grupotragaluz.com\/en\/regala\/"]}]},{"@type":"BreadcrumbList","@id":"https:\/\/grupotragaluz.com\/en\/regala\/#breadcrumb","itemListElement":[{"@type":"ListItem","position":1,"name":"Portada","item":"https:\/\/grupotragaluz.com\/en\/"},{"@type":"ListItem","position":2,"name":"Regala"}]},{"@type":"WebSite","@id":"https:\/\/grupotragaluz.com\/en\/#website","url":"https:\/\/grupotragaluz.com\/en\/","name":"Grupo Tragaluz","description":"Restaurantes Grupo Tragaluz. Cada una de las propuestas del grupo tiene un car\u00e1cter propio, fruto de un estudiado equilibrio entre gastronom\u00eda y dise\u00f1o.","potentialAction":[{"@type":"SearchAction","target":{"@type":"EntryPoint","urlTemplate":"https:\/\/grupotragaluz.com\/en\/?s={search_term_string}"},"query-input":{"@type":"PropertyValueSpecification","valueRequired":true,"valueName":"search_term_string"}}],"inLanguage":"en-US"}]}},"publishpress_future_action":{"enabled":false,"date":"2026-04-25 08:36:59","action":"change-status","newStatus":"draft","terms":[],"taxonomy":"translation_priority","extraData":[]},"publishpress_future_workflow_manual_trigger":{"enabledWorkflows":[]},"_links":{"self":[{"href":"https:\/\/grupotragaluz.com\/en\/wp-json\/wp\/v2\/pages\/5427","targetHints":{"allow":["GET"]}}],"collection":[{"href":"https:\/\/grupotragaluz.com\/en\/wp-json\/wp\/v2\/pages"}],"about":[{"href":"https:\/\/grupotragaluz.com\/en\/wp-json\/wp\/v2\/types\/page"}],"author":[{"embeddable":true,"href":"https:\/\/grupotragaluz.com\/en\/wp-json\/wp\/v2\/users\/2"}],"replies":[{"embeddable":true,"href":"https:\/\/grupotragaluz.com\/en\/wp-json\/wp\/v2\/comments?post=5427"}],"version-history":[{"count":1,"href":"https:\/\/grupotragaluz.com\/en\/wp-json\/wp\/v2\/pages\/5427\/revisions"}],"predecessor-version":[{"id":19486,"href":"https:\/\/grupotragaluz.com\/en\/wp-json\/wp\/v2\/pages\/5427\/revisions\/19486"}],"wp:attachment":[{"href":"https:\/\/grupotragaluz.com\/en\/wp-json\/wp\/v2\/media?parent=5427"}],"curies":[{"name":"wp","href":"https:\/\/api.w.org\/{rel}","templated":true}]}}