{"id":3263,"date":"2017-03-03T10:53:57","date_gmt":"2017-03-03T10:53:57","guid":{"rendered":"https:\/\/www.miurltemporal.com\/main\/encompaniadelobos.com\/new\/en\/grupos\/"},"modified":"2024-05-24T10:56:20","modified_gmt":"2024-05-24T08:56:20","slug":"groups","status":"publish","type":"page","link":"https:\/\/grupotragaluz.com\/en\/groups\/","title":{"rendered":"Groups and events"},"content":{"rendered":"","protected":false},"excerpt":{"rendered":"","protected":false},"author":2,"featured_media":0,"parent":0,"menu_order":33,"comment_status":"closed","ping_status":"closed","template":"page-grupos-crm-v2.php","meta":{"_acf_changed":false,"footnotes":""},"class_list":["post-3263","page","type-page","status-publish","hentry"],"acf":[],"yoast_head":"<!-- This site is optimized with the Yoast SEO plugin v27.3 - https:\/\/yoast.com\/product\/yoast-seo-wordpress\/ -->\n<title>Groups and events - Grupo Tragaluz<\/title>\n<meta name=\"description\" content=\"Si est\u00e1s pensando en hacer un evento, nos apetecer\u00eda crearlo contigo. Expl\u00edcanos tu idea y te ayudamos a hacerla realidad.\" \/>\n<meta name=\"robots\" content=\"index, follow, max-snippet:-1, max-image-preview:large, max-video-preview:-1\" \/>\n<link rel=\"canonical\" href=\"https:\/\/grupotragaluz.com\/en\/groups\/\" \/>\n<meta property=\"og:locale\" content=\"en_US\" \/>\n<meta property=\"og:type\" content=\"article\" \/>\n<meta property=\"og:title\" content=\"Groups and events - Grupo Tragaluz\" \/>\n<meta property=\"og:description\" content=\"Si est\u00e1s pensando en hacer un evento, nos apetecer\u00eda crearlo contigo. Expl\u00edcanos tu idea y te ayudamos a hacerla realidad.\" \/>\n<meta property=\"og:url\" content=\"https:\/\/grupotragaluz.com\/en\/groups\/\" \/>\n<meta property=\"og:site_name\" content=\"Grupo Tragaluz\" \/>\n<meta property=\"article:modified_time\" content=\"2024-05-24T08:56:20+00:00\" \/>\n<meta name=\"twitter:card\" content=\"summary_large_image\" \/>\n<script type=\"application\/ld+json\" class=\"yoast-schema-graph\">{\"@context\":\"https:\\\/\\\/schema.org\",\"@graph\":[{\"@type\":\"WebPage\",\"@id\":\"https:\\\/\\\/grupotragaluz.com\\\/en\\\/groups\\\/\",\"url\":\"https:\\\/\\\/grupotragaluz.com\\\/en\\\/groups\\\/\",\"name\":\"Groups and events - Grupo Tragaluz\",\"isPartOf\":{\"@id\":\"https:\\\/\\\/grupotragaluz.com\\\/en\\\/#website\"},\"datePublished\":\"2017-03-03T10:53:57+00:00\",\"dateModified\":\"2024-05-24T08:56:20+00:00\",\"description\":\"Si est\u00e1s pensando en hacer un evento, nos apetecer\u00eda crearlo contigo. Expl\u00edcanos tu idea y te ayudamos a hacerla realidad.\",\"breadcrumb\":{\"@id\":\"https:\\\/\\\/grupotragaluz.com\\\/en\\\/groups\\\/#breadcrumb\"},\"inLanguage\":\"en-US\",\"potentialAction\":[{\"@type\":\"ReadAction\",\"target\":[\"https:\\\/\\\/grupotragaluz.com\\\/en\\\/groups\\\/\"]}]},{\"@type\":\"BreadcrumbList\",\"@id\":\"https:\\\/\\\/grupotragaluz.com\\\/en\\\/groups\\\/#breadcrumb\",\"itemListElement\":[{\"@type\":\"ListItem\",\"position\":1,\"name\":\"Portada\",\"item\":\"https:\\\/\\\/grupotragaluz.com\\\/en\\\/\"},{\"@type\":\"ListItem\",\"position\":2,\"name\":\"Groups and events\"}]},{\"@type\":\"WebSite\",\"@id\":\"https:\\\/\\\/grupotragaluz.com\\\/en\\\/#website\",\"url\":\"https:\\\/\\\/grupotragaluz.com\\\/en\\\/\",\"name\":\"Grupo Tragaluz\",\"description\":\"Restaurantes Grupo Tragaluz. Cada una de las propuestas del grupo tiene un car\u00e1cter propio, fruto de un estudiado equilibrio entre gastronom\u00eda y dise\u00f1o.\",\"potentialAction\":[{\"@type\":\"SearchAction\",\"target\":{\"@type\":\"EntryPoint\",\"urlTemplate\":\"https:\\\/\\\/grupotragaluz.com\\\/en\\\/?s={search_term_string}\"},\"query-input\":{\"@type\":\"PropertyValueSpecification\",\"valueRequired\":true,\"valueName\":\"search_term_string\"}}],\"inLanguage\":\"en-US\"}]}<\/script>\n<!-- \/ Yoast SEO plugin. -->","yoast_head_json":{"title":"Groups and events - Grupo Tragaluz","description":"Si est\u00e1s pensando en hacer un evento, nos apetecer\u00eda crearlo contigo. Expl\u00edcanos tu idea y te ayudamos a hacerla realidad.","robots":{"index":"index","follow":"follow","max-snippet":"max-snippet:-1","max-image-preview":"max-image-preview:large","max-video-preview":"max-video-preview:-1"},"canonical":"https:\/\/grupotragaluz.com\/en\/groups\/","og_locale":"en_US","og_type":"article","og_title":"Groups and events - Grupo Tragaluz","og_description":"Si est\u00e1s pensando en hacer un evento, nos apetecer\u00eda crearlo contigo. Expl\u00edcanos tu idea y te ayudamos a hacerla realidad.","og_url":"https:\/\/grupotragaluz.com\/en\/groups\/","og_site_name":"Grupo Tragaluz","article_modified_time":"2024-05-24T08:56:20+00:00","twitter_card":"summary_large_image","schema":{"@context":"https:\/\/schema.org","@graph":[{"@type":"WebPage","@id":"https:\/\/grupotragaluz.com\/en\/groups\/","url":"https:\/\/grupotragaluz.com\/en\/groups\/","name":"Groups and events - Grupo Tragaluz","isPartOf":{"@id":"https:\/\/grupotragaluz.com\/en\/#website"},"datePublished":"2017-03-03T10:53:57+00:00","dateModified":"2024-05-24T08:56:20+00:00","description":"Si est\u00e1s pensando en hacer un evento, nos apetecer\u00eda crearlo contigo. Expl\u00edcanos tu idea y te ayudamos a hacerla realidad.","breadcrumb":{"@id":"https:\/\/grupotragaluz.com\/en\/groups\/#breadcrumb"},"inLanguage":"en-US","potentialAction":[{"@type":"ReadAction","target":["https:\/\/grupotragaluz.com\/en\/groups\/"]}]},{"@type":"BreadcrumbList","@id":"https:\/\/grupotragaluz.com\/en\/groups\/#breadcrumb","itemListElement":[{"@type":"ListItem","position":1,"name":"Portada","item":"https:\/\/grupotragaluz.com\/en\/"},{"@type":"ListItem","position":2,"name":"Groups and events"}]},{"@type":"WebSite","@id":"https:\/\/grupotragaluz.com\/en\/#website","url":"https:\/\/grupotragaluz.com\/en\/","name":"Grupo Tragaluz","description":"Restaurantes Grupo Tragaluz. Cada una de las propuestas del grupo tiene un car\u00e1cter propio, fruto de un estudiado equilibrio entre gastronom\u00eda y dise\u00f1o.","potentialAction":[{"@type":"SearchAction","target":{"@type":"EntryPoint","urlTemplate":"https:\/\/grupotragaluz.com\/en\/?s={search_term_string}"},"query-input":{"@type":"PropertyValueSpecification","valueRequired":true,"valueName":"search_term_string"}}],"inLanguage":"en-US"}]}},"publishpress_future_action":{"enabled":false,"date":"2026-04-25 03:42:13","action":"change-status","newStatus":"draft","terms":[],"taxonomy":"translation_priority","extraData":[]},"publishpress_future_workflow_manual_trigger":{"enabledWorkflows":[]},"_links":{"self":[{"href":"https:\/\/grupotragaluz.com\/en\/wp-json\/wp\/v2\/pages\/3263","targetHints":{"allow":["GET"]}}],"collection":[{"href":"https:\/\/grupotragaluz.com\/en\/wp-json\/wp\/v2\/pages"}],"about":[{"href":"https:\/\/grupotragaluz.com\/en\/wp-json\/wp\/v2\/types\/page"}],"author":[{"embeddable":true,"href":"https:\/\/grupotragaluz.com\/en\/wp-json\/wp\/v2\/users\/2"}],"replies":[{"embeddable":true,"href":"https:\/\/grupotragaluz.com\/en\/wp-json\/wp\/v2\/comments?post=3263"}],"version-history":[{"count":1,"href":"https:\/\/grupotragaluz.com\/en\/wp-json\/wp\/v2\/pages\/3263\/revisions"}],"predecessor-version":[{"id":19483,"href":"https:\/\/grupotragaluz.com\/en\/wp-json\/wp\/v2\/pages\/3263\/revisions\/19483"}],"wp:attachment":[{"href":"https:\/\/grupotragaluz.com\/en\/wp-json\/wp\/v2\/media?parent=3263"}],"curies":[{"name":"wp","href":"https:\/\/api.w.org\/{rel}","templated":true}]}}