{"id":15283,"date":"2021-01-25T11:55:12","date_gmt":"2021-01-25T10:55:12","guid":{"rendered":"https:\/\/www.miurltemporal.com\/main\/encompaniadelobos.com\/new\/en-casa\/"},"modified":"2023-02-13T13:45:58","modified_gmt":"2023-02-13T12:45:58","slug":"at-home","status":"publish","type":"page","link":"https:\/\/grupotragaluz.com\/en\/at-home\/","title":{"rendered":"At home"},"content":{"rendered":"","protected":false},"excerpt":{"rendered":"","protected":false},"author":2,"featured_media":0,"parent":0,"menu_order":0,"comment_status":"closed","ping_status":"closed","template":"page-en-casa-v2.php","meta":{"_acf_changed":false,"footnotes":""},"class_list":["post-15283","page","type-page","status-publish","hentry"],"acf":[],"yoast_head":"<!-- This site is optimized with the Yoast SEO plugin v27.3 - https:\/\/yoast.com\/product\/yoast-seo-wordpress\/ -->\n<title>At home - Grupo Tragaluz<\/title>\n<meta name=\"description\" content=\"\u00bfTe apetece comer sin salir de casa? E\u0301chale un vistazo, tienes todas estas opciones.\" \/>\n<meta name=\"robots\" content=\"index, follow, max-snippet:-1, max-image-preview:large, max-video-preview:-1\" \/>\n<link rel=\"canonical\" href=\"https:\/\/grupotragaluz.com\/en\/at-home\/\" \/>\n<meta property=\"og:locale\" content=\"en_US\" \/>\n<meta property=\"og:type\" content=\"article\" \/>\n<meta property=\"og:title\" content=\"At home - Grupo Tragaluz\" \/>\n<meta property=\"og:description\" content=\"\u00bfTe apetece comer sin salir de casa? E\u0301chale un vistazo, tienes todas estas opciones.\" \/>\n<meta property=\"og:url\" content=\"https:\/\/grupotragaluz.com\/en\/at-home\/\" \/>\n<meta property=\"og:site_name\" content=\"Grupo Tragaluz\" \/>\n<meta property=\"article:modified_time\" content=\"2023-02-13T12:45:58+00:00\" \/>\n<meta name=\"twitter:card\" content=\"summary_large_image\" \/>\n<script type=\"application\/ld+json\" class=\"yoast-schema-graph\">{\"@context\":\"https:\\\/\\\/schema.org\",\"@graph\":[{\"@type\":\"WebPage\",\"@id\":\"https:\\\/\\\/grupotragaluz.com\\\/en\\\/at-home\\\/\",\"url\":\"https:\\\/\\\/grupotragaluz.com\\\/en\\\/at-home\\\/\",\"name\":\"At home - Grupo Tragaluz\",\"isPartOf\":{\"@id\":\"https:\\\/\\\/grupotragaluz.com\\\/en\\\/#website\"},\"datePublished\":\"2021-01-25T10:55:12+00:00\",\"dateModified\":\"2023-02-13T12:45:58+00:00\",\"description\":\"\u00bfTe apetece comer sin salir de casa? E\u0301chale un vistazo, tienes todas estas opciones.\",\"breadcrumb\":{\"@id\":\"https:\\\/\\\/grupotragaluz.com\\\/en\\\/at-home\\\/#breadcrumb\"},\"inLanguage\":\"en-US\",\"potentialAction\":[{\"@type\":\"ReadAction\",\"target\":[\"https:\\\/\\\/grupotragaluz.com\\\/en\\\/at-home\\\/\"]}]},{\"@type\":\"BreadcrumbList\",\"@id\":\"https:\\\/\\\/grupotragaluz.com\\\/en\\\/at-home\\\/#breadcrumb\",\"itemListElement\":[{\"@type\":\"ListItem\",\"position\":1,\"name\":\"Portada\",\"item\":\"https:\\\/\\\/grupotragaluz.com\\\/en\\\/\"},{\"@type\":\"ListItem\",\"position\":2,\"name\":\"At home\"}]},{\"@type\":\"WebSite\",\"@id\":\"https:\\\/\\\/grupotragaluz.com\\\/en\\\/#website\",\"url\":\"https:\\\/\\\/grupotragaluz.com\\\/en\\\/\",\"name\":\"Grupo Tragaluz\",\"description\":\"Restaurantes Grupo Tragaluz. Cada una de las propuestas del grupo tiene un car\u00e1cter propio, fruto de un estudiado equilibrio entre gastronom\u00eda y dise\u00f1o.\",\"potentialAction\":[{\"@type\":\"SearchAction\",\"target\":{\"@type\":\"EntryPoint\",\"urlTemplate\":\"https:\\\/\\\/grupotragaluz.com\\\/en\\\/?s={search_term_string}\"},\"query-input\":{\"@type\":\"PropertyValueSpecification\",\"valueRequired\":true,\"valueName\":\"search_term_string\"}}],\"inLanguage\":\"en-US\"}]}<\/script>\n<!-- \/ Yoast SEO plugin. -->","yoast_head_json":{"title":"At home - Grupo Tragaluz","description":"\u00bfTe apetece comer sin salir de casa? E\u0301chale un vistazo, tienes todas estas opciones.","robots":{"index":"index","follow":"follow","max-snippet":"max-snippet:-1","max-image-preview":"max-image-preview:large","max-video-preview":"max-video-preview:-1"},"canonical":"https:\/\/grupotragaluz.com\/en\/at-home\/","og_locale":"en_US","og_type":"article","og_title":"At home - Grupo Tragaluz","og_description":"\u00bfTe apetece comer sin salir de casa? E\u0301chale un vistazo, tienes todas estas opciones.","og_url":"https:\/\/grupotragaluz.com\/en\/at-home\/","og_site_name":"Grupo Tragaluz","article_modified_time":"2023-02-13T12:45:58+00:00","twitter_card":"summary_large_image","schema":{"@context":"https:\/\/schema.org","@graph":[{"@type":"WebPage","@id":"https:\/\/grupotragaluz.com\/en\/at-home\/","url":"https:\/\/grupotragaluz.com\/en\/at-home\/","name":"At home - Grupo Tragaluz","isPartOf":{"@id":"https:\/\/grupotragaluz.com\/en\/#website"},"datePublished":"2021-01-25T10:55:12+00:00","dateModified":"2023-02-13T12:45:58+00:00","description":"\u00bfTe apetece comer sin salir de casa? E\u0301chale un vistazo, tienes todas estas opciones.","breadcrumb":{"@id":"https:\/\/grupotragaluz.com\/en\/at-home\/#breadcrumb"},"inLanguage":"en-US","potentialAction":[{"@type":"ReadAction","target":["https:\/\/grupotragaluz.com\/en\/at-home\/"]}]},{"@type":"BreadcrumbList","@id":"https:\/\/grupotragaluz.com\/en\/at-home\/#breadcrumb","itemListElement":[{"@type":"ListItem","position":1,"name":"Portada","item":"https:\/\/grupotragaluz.com\/en\/"},{"@type":"ListItem","position":2,"name":"At home"}]},{"@type":"WebSite","@id":"https:\/\/grupotragaluz.com\/en\/#website","url":"https:\/\/grupotragaluz.com\/en\/","name":"Grupo Tragaluz","description":"Restaurantes Grupo Tragaluz. Cada una de las propuestas del grupo tiene un car\u00e1cter propio, fruto de un estudiado equilibrio entre gastronom\u00eda y dise\u00f1o.","potentialAction":[{"@type":"SearchAction","target":{"@type":"EntryPoint","urlTemplate":"https:\/\/grupotragaluz.com\/en\/?s={search_term_string}"},"query-input":{"@type":"PropertyValueSpecification","valueRequired":true,"valueName":"search_term_string"}}],"inLanguage":"en-US"}]}},"publishpress_future_action":{"enabled":false,"date":"2026-04-26 18:50:44","action":"change-status","newStatus":"draft","terms":[],"taxonomy":"translation_priority","extraData":[]},"publishpress_future_workflow_manual_trigger":{"enabledWorkflows":[]},"_links":{"self":[{"href":"https:\/\/grupotragaluz.com\/en\/wp-json\/wp\/v2\/pages\/15283","targetHints":{"allow":["GET"]}}],"collection":[{"href":"https:\/\/grupotragaluz.com\/en\/wp-json\/wp\/v2\/pages"}],"about":[{"href":"https:\/\/grupotragaluz.com\/en\/wp-json\/wp\/v2\/types\/page"}],"author":[{"embeddable":true,"href":"https:\/\/grupotragaluz.com\/en\/wp-json\/wp\/v2\/users\/2"}],"replies":[{"embeddable":true,"href":"https:\/\/grupotragaluz.com\/en\/wp-json\/wp\/v2\/comments?post=15283"}],"version-history":[{"count":1,"href":"https:\/\/grupotragaluz.com\/en\/wp-json\/wp\/v2\/pages\/15283\/revisions"}],"predecessor-version":[{"id":20292,"href":"https:\/\/grupotragaluz.com\/en\/wp-json\/wp\/v2\/pages\/15283\/revisions\/20292"}],"wp:attachment":[{"href":"https:\/\/grupotragaluz.com\/en\/wp-json\/wp\/v2\/media?parent=15283"}],"curies":[{"name":"wp","href":"https:\/\/api.w.org\/{rel}","templated":true}]}}