{"id":13199,"date":"2018-02-26T12:28:14","date_gmt":"2018-02-26T11:28:14","guid":{"rendered":"https:\/\/www.miurltemporal.com\/main\/encompaniadelobos.com\/new\/aviso-legal\/"},"modified":"2018-02-26T12:28:14","modified_gmt":"2018-02-26T11:28:14","slug":"aviso-legal","status":"publish","type":"page","link":"https:\/\/grupotragaluz.com\/en\/aviso-legal\/","title":{"rendered":"Aviso legal"},"content":{"rendered":"<p><strong>1. INFORMACI\u00d3N CORPORATIVA<\/strong><\/p>\n<p>En virtud de las obligaciones establecidas por la Ley 34\/2002, de Servicios de la Sociedad de la Informaci\u00f3n y de Comercio Electr\u00f3nico, le informamos que el presente sitio web es propiedad de SKYLIGHT PARTNERS SL cuyo nombre comercial es GRUPO TRAGALUZ, con domicilio social en C\/ Minerva 2, 1\u00ba, 08006 Barcelona (Espa\u00f1a). Provisto de N.I.F B67352880 y con los siguientes datos de contacto: info@grupotragaluz.com<\/p>\n<p>&nbsp;<\/p>\n<p><strong>2. PROTECCI\u00d3N DE CONTENIDOS<\/strong><\/p>\n<p>Este sitio web proporciona informaci\u00f3n sobre SKYLIGHT PARTNERS SL.<\/p>\n<p>SKYLIGHT PARTNERS SL es el propietario del nombre del dominio www.grupotragaluz.com<\/p>\n<p>El usuario reconoce y acepta que todos los derechos de propiedad industrial e intelectual sobre los contenidos y\/o cualesquiera otros elementos insertados por SKYLIGHT PARTNERS SL. en el presente Sitio Web (incluyendo, a t\u00edtulo meramente enunciativo y no limitativo, todos aquellos elementos que conforman la apariencia visual, imagen gr\u00e1fica y otros est\u00edmulos sensoriales del sitio web o \u00ablook and feel\u00bb: marcas, logotipos, nombres comerciales, textos, im\u00e1genes, gr\u00e1ficos, dise\u00f1os, sonidos, bases de datos, software, diagramas de flujo, presentaci\u00f3n, arquitectura de navegaci\u00f3n, as\u00ed como los c\u00f3digos fuente de las p\u00e1ginas web) pertenecen a SKYLIGHT PARTNERS SL. y\/o a terceros a los cuales les han cedido sus derechos.<\/p>\n<p>En ning\u00fan caso el acceso al Sitio Web implica alg\u00fan tipo de permiso, renuncia, transmisi\u00f3n, licencia o cesi\u00f3n total ni parcial de dichos derechos por parte de sus titulares, salvo que se establezca expresamente lo contrario. Los presentes t\u00e9rminos y condiciones de uso del Sitio Web no confieren a los USUARIOS ning\u00fan otro derecho de utilizaci\u00f3n, alteraci\u00f3n, explotaci\u00f3n, reproducci\u00f3n, distribuci\u00f3n o comunicaci\u00f3n p\u00fablica del Sitio Web y\/o de sus contenidos distintos de los aqu\u00ed expresamente previstos.<\/p>\n<p>Queda terminantemente prohibida la utilizaci\u00f3n de tales elementos, su total o parcial reproducci\u00f3n, comunicaci\u00f3n y\/o distribuci\u00f3n con fines comerciales o lucrativos, as\u00ed como su modificaci\u00f3n, alteraci\u00f3n, descompilaci\u00f3n y\/o cualquier otro acto de explotaci\u00f3n del Sitio Web.<\/p>\n<p>Sin perjuicio de todo lo anterior, si el Usuario o un tercero estima que alg\u00fan contenido del Sitio Web pudiera vulnerar derechos de propiedad intelectual e industrial, rogamos as\u00ed lo pongan en nuestro conocimiento a la mayor brevedad posible.<\/p>\n<p>&nbsp;<\/p>\n<p><strong>3. ACCESO Y USO DEL SITIO WEB<\/strong><\/p>\n<p>Tanto el acceso al Sitio Web como el uso no consentido que pueda efectuarse de la informaci\u00f3n contenida en el mismo es de la exclusiva responsabilidad de quien lo realiza.<\/p>\n<p>El usuario se compromete a utilizar los contenidos, informaci\u00f3n y datos del Sitio Web de conformidad con las presentes condiciones, t\u00e9rminos y pol\u00edticas, con la normativa de aplicaci\u00f3n y con las buenas costumbres generalmente aceptadas y el orden p\u00fablico.<\/p>\n<p>El usuario se obliga a abstenerse de utilizar los contenidos del Sitio Web con fines o efectos il\u00edcitos, prohibidos o contrarios a los aqu\u00ed establecidos, lesivos de los derechos e intereses de SKYLIGHT PARTNERS SL., de los dem\u00e1s usuarios, de terceros o que de cualquier forma puedan da\u00f1ar, inutilizar, sobrecargar o deteriorar el presente Sitio Web o impedir la normal utilizaci\u00f3n o disfrute del mismo por parte de los usuarios.<\/p>\n<p>SKYLIGHT PARTNERS SL. no responder\u00e1 de ninguna consecuencia, da\u00f1o o perjuicio que pudiera derivarse de dicho acceso o uso o del incumplimiento de las presentes condiciones, t\u00e9rminos y pol\u00edticas ni se har\u00e1 responsable de los errores de seguridad que se puedan producir ni de los da\u00f1os que puedan causarse al sistema inform\u00e1tico del usuario (hardware y software) o a los ficheros o documentos almacenados en el mismo como consecuencia de: (i) la presencia de un virus en el ordenador del usuario que sea utilizado para la conexi\u00f3n a los servicios y\/o productos ofrecidos por SKYLIGHT PARTNERS SL. a trav\u00e9s de su Sitio Web; (ii) un mal funcionamiento del navegador; (iii) el uso de versiones no actualizadas del mismo.<\/p>\n<p>&nbsp;<\/p>\n<p><strong>4. ENLACES A TERCEROS<\/strong><\/p>\n<p>En el presente Sitio Web se pueden utilizar enlaces con otras p\u00e1ginas o sitios web. SKYLIGHT PARTNERS SL. no se responsabiliza ni del contenido ni de las medidas de seguridad adoptadas por cualquier otra p\u00e1gina o sitio web a trav\u00e9s del cual se tiene acceso desde el presente Sitio Web, sitios a los que accede el interesado bajo su exclusiva responsabilidad.<\/p>\n<p>Asimismo, tampoco se garantiza la ausencia de virus u otros elementos en los contenidos enlazados desde el Sitio Web de SKYLIGHT PARTNERS SL. que puedan producir alteraciones en el sistema inform\u00e1tico (hardware y software) y\/o en los documentos o los ficheros del Usuario, excluyendo asimismo a SKYLIGHT PARTNERS SL. de toda responsabilidad derivada de los da\u00f1os de cualquier \u00edndole ocasionados por todo lo anterior.<\/p>\n<p>&nbsp;<\/p>\n<p><strong>5. REDES SOCIALES<\/strong><\/p>\n<p>Le informamos qu\u00e9 SKYLIGHT PARTNERS SL. puede tener presencia en redes sociales. El tratamiento de los datos que se lleve a cabo de las personas que se hagan seguidoras en las redes sociales (y\/o realicen cualquier v\u00ednculo o acci\u00f3n de conexi\u00f3n a trav\u00e9s de las redes sociales) de las p\u00e1ginas oficiales de SKYLIGHT PARTNERS SL. se regir\u00e1 por este apartado, as\u00ed como por aquellas condiciones de uso, pol\u00edticas de privacidad y normativas de acceso que pertenezcan a la red social que proceda en cada caso y aceptadas previamente por el usuario.<\/p>\n<p>SKYLIGHT PARTNERS SL. tratar\u00e1 sus datos con las finalidades de administrar correctamente su presencia en la red social, inform\u00e1ndole de actividades productos o servicios de SKYLIGHT PARTNERS SL., as\u00ed como para cualquier otra finalidad que las normativas de las Redes Sociales permitan.<\/p>\n<p><span style=\"font-weight: 400;\">Queda prohibida la publicaci\u00f3n de contenidos:<\/span><\/p>\n<p><span style=\"font-weight: 400;\">&#8211; Que sean presuntamente il\u00edcitos por la normativa nacional, comunitaria o internacional o que realicen actividades presuntamente il\u00edcitas o contravengan los principios de la buena fe.<\/span><\/p>\n<p><span style=\"font-weight: 400;\">&#8211; Que atenten contra los derechos fundamentales de las personas, falten a la cortes\u00eda en la red, molesten o puedan generar opiniones negativas en nuestros usuarios o terceros y en general cualesquiera sean los contenidos que SKYLIGHT PARTNERS SL. considere no apropiados.<\/span><\/p>\n<p><span style=\"font-weight: 400;\">&#8211; Y en general que contravengan los principios de legalidad, honradez, responsabilidad, protecci\u00f3n de la dignidad humana, protecci\u00f3n de menores, protecci\u00f3n del orden p\u00fablico, la protecci\u00f3n de la vida privada, la protecci\u00f3n del consumidor y los derechos de propiedad intelectual e industrial.<\/span><\/p>\n<p><span style=\"font-weight: 400;\">Asimismo, SKYLIGHT PARTNERS SL. se reserva la potestad de retirar, sin previo aviso del sitio web o de la red social corporativa aquellos contenidos que se consideren no apropiados.<\/span><\/p>\n<p>&nbsp;<\/p>\n<p><strong>6. NEWSLETTER<\/strong><\/p>\n<p>SKYLIGHT PARTNERS SL. incorporar\u00e1 a su base de datos a los clientes que reserven a trav\u00e9s de su p\u00e1gina web, dicha base de datos se utiliza para el env\u00edo de un servicio de newsletter a trav\u00e9s del cual les haremos llegar informaci\u00f3n sobre nuestras noticias, novedades, etc.<\/p>\n<p><span style=\"font-weight: 400;\">En caso de querer darse de baja del newsletter nos puede hacer llegar un email a info@grupotragaluz.com.<\/span><\/p>\n<p>&nbsp;<\/p>\n<p><strong>7. CONDICIONES PARTICULARES DE USO<\/strong><\/p>\n<p>El uso de este sitio es potestativo para el usuario, y en ning\u00fan caso se entender\u00e1 que por su mero uso se establece ninguna relaci\u00f3n entre usuario y SKYLIGHT PARTNERS SL.. Aunque se han establecido las medidas oportunas para evitar errores o mal funcionamiento, SKYLIGHT PARTNERS SL. no garantiza su absoluta seguridad, y, asimismo, no puede garantizar la total ausencia de virus, troyanos, malware u otros elementos da\u00f1inos en este sitio, por lo que no responder\u00eda por aver\u00edas que pudieran causarse.<\/p>\n<p>SKYLIGHT PARTNERS SL. no es responsable del uso que se haga de los contenidos de este sitio, ni tampoco de las p\u00e1ginas a las que pueda enlazar, ya que al estar gestionadas por terceros, salen de nuestro control y no asumiremos en ning\u00fan caso la veracidad ni la legalidad de esas informaciones. Si SKYLIGHT PARTNERS SL. descubre que se est\u00e1n cometiendo actos il\u00edcitos desde esta web, tomar\u00e1 las medidas policiales y judiciales oportunas para su cese a la mayor brevedad posible.<\/p>\n<p>Si un usuario emplease cualquier apartado de este sitio para introducir contenidos falsos, enga\u00f1osos o ilegales, ser\u00e1 delatado y perseguido de acuerdo con la ley vigente apenas conozcamos tal uso fraudulento.<\/p>\n<p><strong>8. CONDICIONES GENERALES DE LA CONTRATACI\u00d3N PARA GRUPOS\/EVENTOS<\/strong><\/p>\n<p><strong>PRECIO Y FORMA DE PAGO<\/strong><\/p>\n<p>El precio ser\u00e1 el expresado en la factura proforma que se abonar\u00e1 de la siguiente manera:<\/p>\n<p>Pago del 30% del precio total al firmar este presupuesto, momento en el cual quedar\u00e1 confirmado el evento.<\/p>\n<p>Pago del 70% del precio total 5 d\u00edas laborables antes de la fecha del evento.<\/p>\n<p>La totalidad del pago del evento deber\u00e1 reflejarse en la cuenta de SKYLIGHT PARTNERS SL., puesta a disposici\u00f3n del CLIENTE, 48 horas antes de la fecha del evento.<\/p>\n<p><strong>POL\u00cdTICA DE CANCELACI\u00d3N<\/strong><\/p>\n<p>En caso de que el cliente cancelara la reserva con anterioridad al d\u00eda estipulado tendr\u00e1 las siguientes penalizaciones computadas sobre el precio total:<\/p>\n<p>Si cancela con m\u00e1s de 15 d\u00edas laborables de antelaci\u00f3n sobre la fecha prevista tendr\u00e1 una penalizaci\u00f3n del 50% del precio total acordado.<\/p>\n<p>Si cancela 10 d\u00edas laborables antes de la fecha prevista tendr\u00e1 una penalizaci\u00f3n del 75% sobre el precio total acordado.<\/p>\n<p>Si cancela con  5 d\u00edas laborables de antelaci\u00f3n tendr\u00e1 una penalizaci\u00f3n del 100% del precio total acordado.<\/p>\n<p>En cuanto al n\u00famero de asistentes al evento:<\/p>\n<p>Hasta 15 d\u00edas laborables  antes del evento, se puede reducir hasta un 40% el n\u00famero de asistentes sin cargo.<\/p>\n<p>Hasta 10 d\u00edas laborables antes del evento, se puede reducir hasta un 30% el n\u00famero de asistentes sin cargo.<\/p>\n<p>Hasta 5 d\u00edas laborables antes del evento, se puede reducir hasta un 20% el n\u00famero de asistentes sin cargo.<\/p>\n<p>El \u00faltimo d\u00eda para cerrar el n\u00famero de asistentes al evento es de 5 d\u00edas laborables antes del evento. Se facturar\u00e1 el \u00faltimo n\u00famero comunicado v\u00eda email si es a la baja.<\/p>\n<p><strong>RESOLUCI\u00d3N CONTRATO<\/strong><\/p>\n<p>Son causas de terminaci\u00f3n y resoluci\u00f3n autom\u00e1tica del presente contrato las siguientes:<\/p>\n<p>Terminaci\u00f3n por vencimiento del plazo<\/p>\n<p>Por incumplimiento de cualquiera de las partes de alguna de las cl\u00e1usulas del presente contrato.<\/p>\n<p>Cuando alguna de las partes incurriera en situaci\u00f3n de insolvencia provisional o definitiva declarada en un procedimiento judicial.<\/p>\n<p>La falta de pago del cliente por los servicios prestados por SKYLIGHT PARTNERS SL., a las distintas fechas de pago.<\/p>\n<p>La resoluci\u00f3n del presente contrato no excluye cualquier otra reparaci\u00f3n legal o judicial que cualquiera de las partes estime oportuno obtener.<\/p>\n<p>En caso de resoluci\u00f3n del contrato por causas antes descritas,  SKYLIGHT PARTNERS SL. suspender\u00e1 los servicios que presta al CLIENTE y \u00e9ste no podr\u00e1 exigir responsabilidades de ninguna clase por ello.<\/p>\n<p>Si por cualquier causa ajena a SKYLIGHT PARTNERS SL., el CLIENTE quisiera rescindir el presente contrato antes del t\u00e9rmino de su vigencia, deber\u00e1 comunicarlo fehacientemente a SKYLIGHT PARTNERS SL. y no podr\u00e1 reclamar la devoluci\u00f3n del precio del servicio.<\/p>\n<p>Sin perjuicio de los supuestos dispuestos anteriormente, el presente contrato podr\u00e1 resolverse anticipadamente en los casos  previstos por la Ley.<\/p>\n<p><strong>9. RESPONSABILIDAD<\/strong><\/p>\n<p>SKYLIGHT PARTNERS SL. es responsable de los da\u00f1os y perjuicios que pueda ocasionar la prestaci\u00f3n negligente de sus servicios profesionales, quedando exenta de responsabilidad de cualquier manipulaci\u00f3n que pueda ser realizada por personas externas a la Compa\u00f1\u00eda.<\/p>\n<p>SKYLIGHT PARTNERS SL. queda exenta de cualquier responsabilidad ante reclamaciones de terceros originadas por defecto de servicios o productos facilitados y suministrados por el CLIENTE, o por informaciones, fotos, contenidos, material diverso elaborado o suministrado a petici\u00f3n del CLIENTE.<\/p>\n<p>SKYLIGHT PARTNERS SL.  no se hace responsable de posibles intolerancias o alergias alimentarias de los comensales que asistir\u00e1n al evento, siempre que no se avise con una antelaci\u00f3n de 72 horas al d\u00eda del evento.<\/p>\n<p>Ninguna de las partes ser\u00e1 responsable por el incumplimiento de las obligaciones aqu\u00ed contra\u00eddas, cuando ello sea ocasionado por causas de fuerza mayor, teniendo dicha consideraci\u00f3n todo suceso que no hubiera podido preverse, o que previsto fuera inevitable.<\/p>\n<p><strong>10. MODIFICACIONES CONTRACTUALES<\/strong><\/p>\n<p>Cualquier modificaci\u00f3n de este contrato deber\u00e1 realizarse por escrito firmado por los representantes leg\u00edtimos y con poderes suficientes de cada una de las partes.<\/p>\n<p>Ni el presente contrato ni los derechos y obligaciones establecidas en \u00e9l, podr\u00e1n ser cedidos por el CLIENTE sin el previo consentimiento por escrito de SKYLIGHT PARTNERS SL.<\/p>\n<p><strong>11. LEY ANTITABACO y M\u00daSICA EN TERRAZAS<\/strong><\/p>\n<p>De acuerdo al actual marco normativo establecido por la \u201cLey 28\/2005, de 26 de diciembre, de medidas sanitarias frente al tabaquismo y reguladora de la venta, el suministro, el consumo y la publicidad de los productos del tabaco\u201d y en concreto, en aplicaci\u00f3n del art\u00edculo 8 de la misma, se proh\u00edbe fumar dentro de todos los restaurantes.<\/p>\n<p>En todo caso quedar\u00e1n a salvo de la prohibici\u00f3n de fumar, aquellas zonas situadas al aire libre (terrazas, etc.).<\/p>\n<p>Asimismo, de acuerdo a la Ordenanza municipal de 20 de diciembre de 2013, en materia de terrazas, est\u00e1 prohibido la emisi\u00f3n de m\u00fasica\/sonido en las mismas, consider\u00e1ndose infracci\u00f3n grave el incumplimiento de la misma tal y como se establece en el art. 64 de dicha Ordenanza.<\/p>\n<p><strong>12. LEGISLACI\u00d3N Y JURISDICCI\u00d3N<\/strong><\/p>\n<p>Ambas partes fijan como fuero y jurisdicci\u00f3n competentes los de la ciudad de Barcelona -con renuncia expresa al suyo propio si fuera distinto-, para dirimir las cuestiones, divergencias y\/o discrepancias que sobre el presente contrato pudieran surgir.<\/p>\n<p><strong>13. MODIFICACI\u00d3N DE AVISO LEGAL, POL\u00cdTICA DE PRIVACIDAD Y DE PROTECCI\u00d3N DE DATOS.<\/strong><\/p>\n<p>El Responsable del Fichero se reserva el derecho a modificar en todo momento y sin previo aviso las presentes condiciones, t\u00e9rminos y pol\u00edticas de privacidad para adaptarlas a las novedades legislativas o jurisprudenciales as\u00ed como a las modificaciones o pr\u00e1cticas de la industria, debiendo el usuario consultar peri\u00f3dicamente las presentes condiciones, t\u00e9rminos y pol\u00edticas a fin de comprobar o cerciorarse de la existencia de cambios en las mismas, tomando como referencia la fecha de la \u00faltima actualizaci\u00f3n.<\/p>\n","protected":false},"excerpt":{"rendered":"<p>1. INFORMACI\u00d3N CORPORATIVA En virtud de las obligaciones establecidas por la Ley 34\/2002, de Servicios de la Sociedad de la Informaci\u00f3n y de Comercio Electr\u00f3nico,<\/p>\n","protected":false},"author":2,"featured_media":0,"parent":0,"menu_order":22,"comment_status":"closed","ping_status":"closed","template":"","meta":{"_acf_changed":false,"footnotes":""},"class_list":["post-13199","page","type-page","status-publish","hentry"],"acf":[],"yoast_head":"<!-- This site is optimized with the Yoast SEO plugin v27.3 - https:\/\/yoast.com\/product\/yoast-seo-wordpress\/ -->\n<title>Aviso legal - Grupo Tragaluz<\/title>\n<meta name=\"description\" content=\"Restaurantes Grupo Tragaluz. Cada una de las propuestas del grupo tiene un car\u00e1cter propio, fruto de un estudiado equilibrio entre gastronom\u00eda y dise\u00f1o.\" \/>\n<meta name=\"robots\" content=\"index, follow, max-snippet:-1, max-image-preview:large, max-video-preview:-1\" \/>\n<link rel=\"canonical\" href=\"https:\/\/grupotragaluz.com\/en\/aviso-legal\/\" \/>\n<meta property=\"og:locale\" content=\"en_US\" \/>\n<meta property=\"og:type\" content=\"article\" \/>\n<meta property=\"og:title\" content=\"Aviso legal - Grupo Tragaluz\" \/>\n<meta property=\"og:description\" content=\"Restaurantes Grupo Tragaluz. Cada una de las propuestas del grupo tiene un car\u00e1cter propio, fruto de un estudiado equilibrio entre gastronom\u00eda y dise\u00f1o.\" \/>\n<meta property=\"og:url\" content=\"https:\/\/grupotragaluz.com\/en\/aviso-legal\/\" \/>\n<meta property=\"og:site_name\" content=\"Grupo Tragaluz\" \/>\n<meta name=\"twitter:card\" content=\"summary_large_image\" \/>\n<meta name=\"twitter:label1\" content=\"Est. reading time\" \/>\n\t<meta name=\"twitter:data1\" content=\"12 minutes\" \/>\n<script type=\"application\/ld+json\" class=\"yoast-schema-graph\">{\"@context\":\"https:\\\/\\\/schema.org\",\"@graph\":[{\"@type\":\"WebPage\",\"@id\":\"https:\\\/\\\/grupotragaluz.com\\\/en\\\/aviso-legal\\\/\",\"url\":\"https:\\\/\\\/grupotragaluz.com\\\/en\\\/aviso-legal\\\/\",\"name\":\"Aviso legal - Grupo Tragaluz\",\"isPartOf\":{\"@id\":\"https:\\\/\\\/grupotragaluz.com\\\/en\\\/#website\"},\"datePublished\":\"2018-02-26T11:28:14+00:00\",\"description\":\"Restaurantes Grupo Tragaluz. Cada una de las propuestas del grupo tiene un car\u00e1cter propio, fruto de un estudiado equilibrio entre gastronom\u00eda y dise\u00f1o.\",\"breadcrumb\":{\"@id\":\"https:\\\/\\\/grupotragaluz.com\\\/en\\\/aviso-legal\\\/#breadcrumb\"},\"inLanguage\":\"en-US\",\"potentialAction\":[{\"@type\":\"ReadAction\",\"target\":[\"https:\\\/\\\/grupotragaluz.com\\\/en\\\/aviso-legal\\\/\"]}]},{\"@type\":\"BreadcrumbList\",\"@id\":\"https:\\\/\\\/grupotragaluz.com\\\/en\\\/aviso-legal\\\/#breadcrumb\",\"itemListElement\":[{\"@type\":\"ListItem\",\"position\":1,\"name\":\"Portada\",\"item\":\"https:\\\/\\\/grupotragaluz.com\\\/en\\\/\"},{\"@type\":\"ListItem\",\"position\":2,\"name\":\"Aviso legal\"}]},{\"@type\":\"WebSite\",\"@id\":\"https:\\\/\\\/grupotragaluz.com\\\/en\\\/#website\",\"url\":\"https:\\\/\\\/grupotragaluz.com\\\/en\\\/\",\"name\":\"Grupo Tragaluz\",\"description\":\"Restaurantes Grupo Tragaluz. Cada una de las propuestas del grupo tiene un car\u00e1cter propio, fruto de un estudiado equilibrio entre gastronom\u00eda y dise\u00f1o.\",\"potentialAction\":[{\"@type\":\"SearchAction\",\"target\":{\"@type\":\"EntryPoint\",\"urlTemplate\":\"https:\\\/\\\/grupotragaluz.com\\\/en\\\/?s={search_term_string}\"},\"query-input\":{\"@type\":\"PropertyValueSpecification\",\"valueRequired\":true,\"valueName\":\"search_term_string\"}}],\"inLanguage\":\"en-US\"}]}<\/script>\n<!-- \/ Yoast SEO plugin. -->","yoast_head_json":{"title":"Aviso legal - Grupo Tragaluz","description":"Restaurantes Grupo Tragaluz. Cada una de las propuestas del grupo tiene un car\u00e1cter propio, fruto de un estudiado equilibrio entre gastronom\u00eda y dise\u00f1o.","robots":{"index":"index","follow":"follow","max-snippet":"max-snippet:-1","max-image-preview":"max-image-preview:large","max-video-preview":"max-video-preview:-1"},"canonical":"https:\/\/grupotragaluz.com\/en\/aviso-legal\/","og_locale":"en_US","og_type":"article","og_title":"Aviso legal - Grupo Tragaluz","og_description":"Restaurantes Grupo Tragaluz. Cada una de las propuestas del grupo tiene un car\u00e1cter propio, fruto de un estudiado equilibrio entre gastronom\u00eda y dise\u00f1o.","og_url":"https:\/\/grupotragaluz.com\/en\/aviso-legal\/","og_site_name":"Grupo Tragaluz","twitter_card":"summary_large_image","twitter_misc":{"Est. reading time":"12 minutes"},"schema":{"@context":"https:\/\/schema.org","@graph":[{"@type":"WebPage","@id":"https:\/\/grupotragaluz.com\/en\/aviso-legal\/","url":"https:\/\/grupotragaluz.com\/en\/aviso-legal\/","name":"Aviso legal - Grupo Tragaluz","isPartOf":{"@id":"https:\/\/grupotragaluz.com\/en\/#website"},"datePublished":"2018-02-26T11:28:14+00:00","description":"Restaurantes Grupo Tragaluz. Cada una de las propuestas del grupo tiene un car\u00e1cter propio, fruto de un estudiado equilibrio entre gastronom\u00eda y dise\u00f1o.","breadcrumb":{"@id":"https:\/\/grupotragaluz.com\/en\/aviso-legal\/#breadcrumb"},"inLanguage":"en-US","potentialAction":[{"@type":"ReadAction","target":["https:\/\/grupotragaluz.com\/en\/aviso-legal\/"]}]},{"@type":"BreadcrumbList","@id":"https:\/\/grupotragaluz.com\/en\/aviso-legal\/#breadcrumb","itemListElement":[{"@type":"ListItem","position":1,"name":"Portada","item":"https:\/\/grupotragaluz.com\/en\/"},{"@type":"ListItem","position":2,"name":"Aviso legal"}]},{"@type":"WebSite","@id":"https:\/\/grupotragaluz.com\/en\/#website","url":"https:\/\/grupotragaluz.com\/en\/","name":"Grupo Tragaluz","description":"Restaurantes Grupo Tragaluz. Cada una de las propuestas del grupo tiene un car\u00e1cter propio, fruto de un estudiado equilibrio entre gastronom\u00eda y dise\u00f1o.","potentialAction":[{"@type":"SearchAction","target":{"@type":"EntryPoint","urlTemplate":"https:\/\/grupotragaluz.com\/en\/?s={search_term_string}"},"query-input":{"@type":"PropertyValueSpecification","valueRequired":true,"valueName":"search_term_string"}}],"inLanguage":"en-US"}]}},"publishpress_future_action":{"enabled":false,"date":"2026-04-25 13:02:40","action":"change-status","newStatus":"draft","terms":[],"taxonomy":"translation_priority","extraData":[]},"publishpress_future_workflow_manual_trigger":{"enabledWorkflows":[]},"_links":{"self":[{"href":"https:\/\/grupotragaluz.com\/en\/wp-json\/wp\/v2\/pages\/13199","targetHints":{"allow":["GET"]}}],"collection":[{"href":"https:\/\/grupotragaluz.com\/en\/wp-json\/wp\/v2\/pages"}],"about":[{"href":"https:\/\/grupotragaluz.com\/en\/wp-json\/wp\/v2\/types\/page"}],"author":[{"embeddable":true,"href":"https:\/\/grupotragaluz.com\/en\/wp-json\/wp\/v2\/users\/2"}],"replies":[{"embeddable":true,"href":"https:\/\/grupotragaluz.com\/en\/wp-json\/wp\/v2\/comments?post=13199"}],"version-history":[{"count":0,"href":"https:\/\/grupotragaluz.com\/en\/wp-json\/wp\/v2\/pages\/13199\/revisions"}],"wp:attachment":[{"href":"https:\/\/grupotragaluz.com\/en\/wp-json\/wp\/v2\/media?parent=13199"}],"curies":[{"name":"wp","href":"https:\/\/api.w.org\/{rel}","templated":true}]}}