{"id":5426,"date":"2018-03-23T11:29:35","date_gmt":"2018-03-23T10:29:35","guid":{"rendered":"https:\/\/www.miurltemporal.com\/main\/encompaniadelobos.com\/new\/regala\/"},"modified":"2023-02-13T13:42:41","modified_gmt":"2023-02-13T12:42:41","slug":"regala","status":"publish","type":"page","link":"https:\/\/grupotragaluz.com\/ca\/regala\/","title":{"rendered":"Regala"},"content":{"rendered":"","protected":false},"excerpt":{"rendered":"","protected":false},"author":2,"featured_media":0,"parent":0,"menu_order":19,"comment_status":"closed","ping_status":"closed","template":"page-regala.php","meta":{"_acf_changed":false,"footnotes":""},"class_list":["post-5426","page","type-page","status-publish","hentry"],"acf":[],"yoast_head":"<!-- This site is optimized with the Yoast SEO plugin v27.3 - https:\/\/yoast.com\/product\/yoast-seo-wordpress\/ -->\n<title>Regala - Grupo Tragaluz<\/title>\n<meta name=\"description\" content=\"Est\u00e0s pensant en regalar un dinar o un sopar? D\u00f3na-li un cop d\u2019ull, tens totes aquestes opcions.\" \/>\n<meta name=\"robots\" content=\"noindex, nofollow\" \/>\n<meta property=\"og:locale\" content=\"ca_ES\" \/>\n<meta property=\"og:type\" content=\"article\" \/>\n<meta property=\"og:title\" content=\"Regala - Grupo Tragaluz\" \/>\n<meta property=\"og:description\" content=\"Est\u00e0s pensant en regalar un dinar o un sopar? D\u00f3na-li un cop d\u2019ull, tens totes aquestes opcions.\" \/>\n<meta property=\"og:url\" content=\"https:\/\/grupotragaluz.com\/ca\/regala\/\" \/>\n<meta property=\"og:site_name\" content=\"Grupo Tragaluz\" \/>\n<meta property=\"article:modified_time\" content=\"2023-02-13T12:42:41+00:00\" \/>\n<meta name=\"twitter:card\" content=\"summary_large_image\" \/>\n<script type=\"application\/ld+json\" class=\"yoast-schema-graph\">{\"@context\":\"https:\\\/\\\/schema.org\",\"@graph\":[{\"@type\":\"WebPage\",\"@id\":\"https:\\\/\\\/grupotragaluz.com\\\/ca\\\/regala\\\/\",\"url\":\"https:\\\/\\\/grupotragaluz.com\\\/ca\\\/regala\\\/\",\"name\":\"Regala - Grupo Tragaluz\",\"isPartOf\":{\"@id\":\"https:\\\/\\\/grupotragaluz.com\\\/ca\\\/#website\"},\"datePublished\":\"2018-03-23T10:29:35+00:00\",\"dateModified\":\"2023-02-13T12:42:41+00:00\",\"description\":\"Est\u00e0s pensant en regalar un dinar o un sopar? D\u00f3na-li un cop d\u2019ull, tens totes aquestes opcions.\",\"breadcrumb\":{\"@id\":\"https:\\\/\\\/grupotragaluz.com\\\/ca\\\/regala\\\/#breadcrumb\"},\"inLanguage\":\"ca\",\"potentialAction\":[{\"@type\":\"ReadAction\",\"target\":[\"https:\\\/\\\/grupotragaluz.com\\\/ca\\\/regala\\\/\"]}]},{\"@type\":\"BreadcrumbList\",\"@id\":\"https:\\\/\\\/grupotragaluz.com\\\/ca\\\/regala\\\/#breadcrumb\",\"itemListElement\":[{\"@type\":\"ListItem\",\"position\":1,\"name\":\"Portada\",\"item\":\"https:\\\/\\\/grupotragaluz.com\\\/ca\\\/\"},{\"@type\":\"ListItem\",\"position\":2,\"name\":\"Regala\"}]},{\"@type\":\"WebSite\",\"@id\":\"https:\\\/\\\/grupotragaluz.com\\\/ca\\\/#website\",\"url\":\"https:\\\/\\\/grupotragaluz.com\\\/ca\\\/\",\"name\":\"Grupo Tragaluz\",\"description\":\"Restaurantes Grupo Tragaluz. Cada una de las propuestas del grupo tiene un car\u00e1cter propio, fruto de un estudiado equilibrio entre gastronom\u00eda y dise\u00f1o.\",\"potentialAction\":[{\"@type\":\"SearchAction\",\"target\":{\"@type\":\"EntryPoint\",\"urlTemplate\":\"https:\\\/\\\/grupotragaluz.com\\\/ca\\\/?s={search_term_string}\"},\"query-input\":{\"@type\":\"PropertyValueSpecification\",\"valueRequired\":true,\"valueName\":\"search_term_string\"}}],\"inLanguage\":\"ca\"}]}<\/script>\n<!-- \/ Yoast SEO plugin. -->","yoast_head_json":{"title":"Regala - Grupo Tragaluz","description":"Est\u00e0s pensant en regalar un dinar o un sopar? D\u00f3na-li un cop d\u2019ull, tens totes aquestes opcions.","robots":{"index":"noindex","follow":"nofollow"},"og_locale":"ca_ES","og_type":"article","og_title":"Regala - Grupo Tragaluz","og_description":"Est\u00e0s pensant en regalar un dinar o un sopar? D\u00f3na-li un cop d\u2019ull, tens totes aquestes opcions.","og_url":"https:\/\/grupotragaluz.com\/ca\/regala\/","og_site_name":"Grupo Tragaluz","article_modified_time":"2023-02-13T12:42:41+00:00","twitter_card":"summary_large_image","schema":{"@context":"https:\/\/schema.org","@graph":[{"@type":"WebPage","@id":"https:\/\/grupotragaluz.com\/ca\/regala\/","url":"https:\/\/grupotragaluz.com\/ca\/regala\/","name":"Regala - Grupo Tragaluz","isPartOf":{"@id":"https:\/\/grupotragaluz.com\/ca\/#website"},"datePublished":"2018-03-23T10:29:35+00:00","dateModified":"2023-02-13T12:42:41+00:00","description":"Est\u00e0s pensant en regalar un dinar o un sopar? D\u00f3na-li un cop d\u2019ull, tens totes aquestes opcions.","breadcrumb":{"@id":"https:\/\/grupotragaluz.com\/ca\/regala\/#breadcrumb"},"inLanguage":"ca","potentialAction":[{"@type":"ReadAction","target":["https:\/\/grupotragaluz.com\/ca\/regala\/"]}]},{"@type":"BreadcrumbList","@id":"https:\/\/grupotragaluz.com\/ca\/regala\/#breadcrumb","itemListElement":[{"@type":"ListItem","position":1,"name":"Portada","item":"https:\/\/grupotragaluz.com\/ca\/"},{"@type":"ListItem","position":2,"name":"Regala"}]},{"@type":"WebSite","@id":"https:\/\/grupotragaluz.com\/ca\/#website","url":"https:\/\/grupotragaluz.com\/ca\/","name":"Grupo Tragaluz","description":"Restaurantes Grupo Tragaluz. Cada una de las propuestas del grupo tiene un car\u00e1cter propio, fruto de un estudiado equilibrio entre gastronom\u00eda y dise\u00f1o.","potentialAction":[{"@type":"SearchAction","target":{"@type":"EntryPoint","urlTemplate":"https:\/\/grupotragaluz.com\/ca\/?s={search_term_string}"},"query-input":{"@type":"PropertyValueSpecification","valueRequired":true,"valueName":"search_term_string"}}],"inLanguage":"ca"}]}},"publishpress_future_action":{"enabled":false,"date":"2026-04-26 05:49:06","action":"change-status","newStatus":"draft","terms":[],"taxonomy":"translation_priority","extraData":[]},"publishpress_future_workflow_manual_trigger":{"enabledWorkflows":[]},"_links":{"self":[{"href":"https:\/\/grupotragaluz.com\/ca\/wp-json\/wp\/v2\/pages\/5426","targetHints":{"allow":["GET"]}}],"collection":[{"href":"https:\/\/grupotragaluz.com\/ca\/wp-json\/wp\/v2\/pages"}],"about":[{"href":"https:\/\/grupotragaluz.com\/ca\/wp-json\/wp\/v2\/types\/page"}],"author":[{"embeddable":true,"href":"https:\/\/grupotragaluz.com\/ca\/wp-json\/wp\/v2\/users\/2"}],"replies":[{"embeddable":true,"href":"https:\/\/grupotragaluz.com\/ca\/wp-json\/wp\/v2\/comments?post=5426"}],"version-history":[{"count":1,"href":"https:\/\/grupotragaluz.com\/ca\/wp-json\/wp\/v2\/pages\/5426\/revisions"}],"predecessor-version":[{"id":19485,"href":"https:\/\/grupotragaluz.com\/ca\/wp-json\/wp\/v2\/pages\/5426\/revisions\/19485"}],"wp:attachment":[{"href":"https:\/\/grupotragaluz.com\/ca\/wp-json\/wp\/v2\/media?parent=5426"}],"curies":[{"name":"wp","href":"https:\/\/api.w.org\/{rel}","templated":true}]}}