{"id":31701,"date":"2023-06-12T10:32:08","date_gmt":"2023-06-12T08:32:08","guid":{"rendered":"https:\/\/grupotragaluz.com\/canal-etico\/"},"modified":"2025-09-15T17:43:58","modified_gmt":"2025-09-15T15:43:58","slug":"canal-etico","status":"publish","type":"page","link":"https:\/\/grupotragaluz.com\/ca\/canal-etico\/","title":{"rendered":"Canal \u00c9tico"},"content":{"rendered":"","protected":false},"excerpt":{"rendered":"","protected":false},"author":2,"featured_media":0,"parent":0,"menu_order":0,"comment_status":"closed","ping_status":"closed","template":"","meta":{"_acf_changed":false,"footnotes":""},"class_list":["post-31701","page","type-page","status-publish","hentry"],"acf":[],"yoast_head":"<!-- This site is optimized with the Yoast SEO plugin v27.3 - https:\/\/yoast.com\/product\/yoast-seo-wordpress\/ -->\n<title>Canal \u00c9tico - Grupo Tragaluz<\/title>\n<meta name=\"description\" content=\"Restaurantes Grupo Tragaluz. Cada una de las propuestas del grupo tiene un car\u00e1cter propio, fruto de un estudiado equilibrio entre gastronom\u00eda y dise\u00f1o.\" \/>\n<meta name=\"robots\" content=\"index, follow, max-snippet:-1, max-image-preview:large, max-video-preview:-1\" \/>\n<link rel=\"canonical\" href=\"https:\/\/grupotragaluz.com\/ca\/canal-etico\/\" \/>\n<meta property=\"og:locale\" content=\"ca_ES\" \/>\n<meta property=\"og:type\" content=\"article\" \/>\n<meta property=\"og:title\" content=\"Canal \u00c9tico - Grupo Tragaluz\" \/>\n<meta property=\"og:description\" content=\"Restaurantes Grupo Tragaluz. Cada una de las propuestas del grupo tiene un car\u00e1cter propio, fruto de un estudiado equilibrio entre gastronom\u00eda y dise\u00f1o.\" \/>\n<meta property=\"og:url\" content=\"https:\/\/grupotragaluz.com\/ca\/canal-etico\/\" \/>\n<meta property=\"og:site_name\" content=\"Grupo Tragaluz\" \/>\n<meta property=\"article:modified_time\" content=\"2025-09-15T15:43:58+00:00\" \/>\n<meta name=\"twitter:card\" content=\"summary_large_image\" \/>\n<script type=\"application\/ld+json\" class=\"yoast-schema-graph\">{\"@context\":\"https:\\\/\\\/schema.org\",\"@graph\":[{\"@type\":\"WebPage\",\"@id\":\"https:\\\/\\\/grupotragaluz.com\\\/ca\\\/canal-etico\\\/\",\"url\":\"https:\\\/\\\/grupotragaluz.com\\\/ca\\\/canal-etico\\\/\",\"name\":\"Canal \u00c9tico - Grupo Tragaluz\",\"isPartOf\":{\"@id\":\"https:\\\/\\\/grupotragaluz.com\\\/ca\\\/#website\"},\"datePublished\":\"2023-06-12T08:32:08+00:00\",\"dateModified\":\"2025-09-15T15:43:58+00:00\",\"description\":\"Restaurantes Grupo Tragaluz. Cada una de las propuestas del grupo tiene un car\u00e1cter propio, fruto de un estudiado equilibrio entre gastronom\u00eda y dise\u00f1o.\",\"breadcrumb\":{\"@id\":\"https:\\\/\\\/grupotragaluz.com\\\/ca\\\/canal-etico\\\/#breadcrumb\"},\"inLanguage\":\"ca\",\"potentialAction\":[{\"@type\":\"ReadAction\",\"target\":[\"https:\\\/\\\/grupotragaluz.com\\\/ca\\\/canal-etico\\\/\"]}]},{\"@type\":\"BreadcrumbList\",\"@id\":\"https:\\\/\\\/grupotragaluz.com\\\/ca\\\/canal-etico\\\/#breadcrumb\",\"itemListElement\":[{\"@type\":\"ListItem\",\"position\":1,\"name\":\"Portada\",\"item\":\"https:\\\/\\\/grupotragaluz.com\\\/ca\\\/\"},{\"@type\":\"ListItem\",\"position\":2,\"name\":\"Canal \u00c9tico\"}]},{\"@type\":\"WebSite\",\"@id\":\"https:\\\/\\\/grupotragaluz.com\\\/ca\\\/#website\",\"url\":\"https:\\\/\\\/grupotragaluz.com\\\/ca\\\/\",\"name\":\"Grupo Tragaluz\",\"description\":\"Restaurantes Grupo Tragaluz. Cada una de las propuestas del grupo tiene un car\u00e1cter propio, fruto de un estudiado equilibrio entre gastronom\u00eda y dise\u00f1o.\",\"potentialAction\":[{\"@type\":\"SearchAction\",\"target\":{\"@type\":\"EntryPoint\",\"urlTemplate\":\"https:\\\/\\\/grupotragaluz.com\\\/ca\\\/?s={search_term_string}\"},\"query-input\":{\"@type\":\"PropertyValueSpecification\",\"valueRequired\":true,\"valueName\":\"search_term_string\"}}],\"inLanguage\":\"ca\"}]}<\/script>\n<!-- \/ Yoast SEO plugin. -->","yoast_head_json":{"title":"Canal \u00c9tico - Grupo Tragaluz","description":"Restaurantes Grupo Tragaluz. Cada una de las propuestas del grupo tiene un car\u00e1cter propio, fruto de un estudiado equilibrio entre gastronom\u00eda y dise\u00f1o.","robots":{"index":"index","follow":"follow","max-snippet":"max-snippet:-1","max-image-preview":"max-image-preview:large","max-video-preview":"max-video-preview:-1"},"canonical":"https:\/\/grupotragaluz.com\/ca\/canal-etico\/","og_locale":"ca_ES","og_type":"article","og_title":"Canal \u00c9tico - Grupo Tragaluz","og_description":"Restaurantes Grupo Tragaluz. Cada una de las propuestas del grupo tiene un car\u00e1cter propio, fruto de un estudiado equilibrio entre gastronom\u00eda y dise\u00f1o.","og_url":"https:\/\/grupotragaluz.com\/ca\/canal-etico\/","og_site_name":"Grupo Tragaluz","article_modified_time":"2025-09-15T15:43:58+00:00","twitter_card":"summary_large_image","schema":{"@context":"https:\/\/schema.org","@graph":[{"@type":"WebPage","@id":"https:\/\/grupotragaluz.com\/ca\/canal-etico\/","url":"https:\/\/grupotragaluz.com\/ca\/canal-etico\/","name":"Canal \u00c9tico - Grupo Tragaluz","isPartOf":{"@id":"https:\/\/grupotragaluz.com\/ca\/#website"},"datePublished":"2023-06-12T08:32:08+00:00","dateModified":"2025-09-15T15:43:58+00:00","description":"Restaurantes Grupo Tragaluz. Cada una de las propuestas del grupo tiene un car\u00e1cter propio, fruto de un estudiado equilibrio entre gastronom\u00eda y dise\u00f1o.","breadcrumb":{"@id":"https:\/\/grupotragaluz.com\/ca\/canal-etico\/#breadcrumb"},"inLanguage":"ca","potentialAction":[{"@type":"ReadAction","target":["https:\/\/grupotragaluz.com\/ca\/canal-etico\/"]}]},{"@type":"BreadcrumbList","@id":"https:\/\/grupotragaluz.com\/ca\/canal-etico\/#breadcrumb","itemListElement":[{"@type":"ListItem","position":1,"name":"Portada","item":"https:\/\/grupotragaluz.com\/ca\/"},{"@type":"ListItem","position":2,"name":"Canal \u00c9tico"}]},{"@type":"WebSite","@id":"https:\/\/grupotragaluz.com\/ca\/#website","url":"https:\/\/grupotragaluz.com\/ca\/","name":"Grupo Tragaluz","description":"Restaurantes Grupo Tragaluz. Cada una de las propuestas del grupo tiene un car\u00e1cter propio, fruto de un estudiado equilibrio entre gastronom\u00eda y dise\u00f1o.","potentialAction":[{"@type":"SearchAction","target":{"@type":"EntryPoint","urlTemplate":"https:\/\/grupotragaluz.com\/ca\/?s={search_term_string}"},"query-input":{"@type":"PropertyValueSpecification","valueRequired":true,"valueName":"search_term_string"}}],"inLanguage":"ca"}]}},"publishpress_future_action":{"enabled":false,"date":"2026-04-26 06:21:58","action":"change-status","newStatus":"draft","terms":[],"taxonomy":"translation_priority","extraData":[]},"publishpress_future_workflow_manual_trigger":{"enabledWorkflows":[]},"_links":{"self":[{"href":"https:\/\/grupotragaluz.com\/ca\/wp-json\/wp\/v2\/pages\/31701","targetHints":{"allow":["GET"]}}],"collection":[{"href":"https:\/\/grupotragaluz.com\/ca\/wp-json\/wp\/v2\/pages"}],"about":[{"href":"https:\/\/grupotragaluz.com\/ca\/wp-json\/wp\/v2\/types\/page"}],"author":[{"embeddable":true,"href":"https:\/\/grupotragaluz.com\/ca\/wp-json\/wp\/v2\/users\/2"}],"replies":[{"embeddable":true,"href":"https:\/\/grupotragaluz.com\/ca\/wp-json\/wp\/v2\/comments?post=31701"}],"version-history":[{"count":3,"href":"https:\/\/grupotragaluz.com\/ca\/wp-json\/wp\/v2\/pages\/31701\/revisions"}],"predecessor-version":[{"id":31705,"href":"https:\/\/grupotragaluz.com\/ca\/wp-json\/wp\/v2\/pages\/31701\/revisions\/31705"}],"wp:attachment":[{"href":"https:\/\/grupotragaluz.com\/ca\/wp-json\/wp\/v2\/media?parent=31701"}],"curies":[{"name":"wp","href":"https:\/\/api.w.org\/{rel}","templated":true}]}}