{"id":2020,"date":"2016-06-14T13:58:22","date_gmt":"2016-06-14T13:58:22","guid":{"rendered":"https:\/\/www.miurltemporal.com\/main\/encompaniadelobos.com\/new\/ca\/?page_id=2020"},"modified":"2016-06-14T13:58:22","modified_gmt":"2016-06-14T13:58:22","slug":"noticies","status":"publish","type":"page","link":"https:\/\/grupotragaluz.com\/ca\/noticies\/","title":{"rendered":"Not\u00edcies"},"content":{"rendered":"","protected":false},"excerpt":{"rendered":"","protected":false},"author":2,"featured_media":0,"parent":0,"menu_order":46,"comment_status":"closed","ping_status":"closed","template":"page-noticias.php","meta":{"_acf_changed":false,"footnotes":""},"class_list":["post-2020","page","type-page","status-publish","hentry"],"acf":[],"yoast_head":"<!-- This site is optimized with the Yoast SEO plugin v27.3 - https:\/\/yoast.com\/product\/yoast-seo-wordpress\/ -->\n<title>Not\u00edcies - Grupo Tragaluz<\/title>\n<meta name=\"description\" content=\"Restaurantes Grupo Tragaluz. Cada una de las propuestas del grupo tiene un car\u00e1cter propio, fruto de un estudiado equilibrio entre gastronom\u00eda y dise\u00f1o.\" \/>\n<meta name=\"robots\" content=\"index, follow, max-snippet:-1, max-image-preview:large, max-video-preview:-1\" \/>\n<link rel=\"canonical\" href=\"https:\/\/grupotragaluz.com\/ca\/noticies\/\" \/>\n<meta property=\"og:locale\" content=\"ca_ES\" \/>\n<meta property=\"og:type\" content=\"article\" \/>\n<meta property=\"og:title\" content=\"Not\u00edcies - Grupo Tragaluz\" \/>\n<meta property=\"og:description\" content=\"Restaurantes Grupo Tragaluz. Cada una de las propuestas del grupo tiene un car\u00e1cter propio, fruto de un estudiado equilibrio entre gastronom\u00eda y dise\u00f1o.\" \/>\n<meta property=\"og:url\" content=\"https:\/\/grupotragaluz.com\/ca\/noticies\/\" \/>\n<meta property=\"og:site_name\" content=\"Grupo Tragaluz\" \/>\n<meta name=\"twitter:card\" content=\"summary_large_image\" \/>\n<script type=\"application\/ld+json\" class=\"yoast-schema-graph\">{\"@context\":\"https:\\\/\\\/schema.org\",\"@graph\":[{\"@type\":\"WebPage\",\"@id\":\"https:\\\/\\\/grupotragaluz.com\\\/ca\\\/noticies\\\/\",\"url\":\"https:\\\/\\\/grupotragaluz.com\\\/ca\\\/noticies\\\/\",\"name\":\"Not\u00edcies - Grupo Tragaluz\",\"isPartOf\":{\"@id\":\"https:\\\/\\\/grupotragaluz.com\\\/ca\\\/#website\"},\"datePublished\":\"2016-06-14T13:58:22+00:00\",\"description\":\"Restaurantes Grupo Tragaluz. Cada una de las propuestas del grupo tiene un car\u00e1cter propio, fruto de un estudiado equilibrio entre gastronom\u00eda y dise\u00f1o.\",\"breadcrumb\":{\"@id\":\"https:\\\/\\\/grupotragaluz.com\\\/ca\\\/noticies\\\/#breadcrumb\"},\"inLanguage\":\"ca\",\"potentialAction\":[{\"@type\":\"ReadAction\",\"target\":[\"https:\\\/\\\/grupotragaluz.com\\\/ca\\\/noticies\\\/\"]}]},{\"@type\":\"BreadcrumbList\",\"@id\":\"https:\\\/\\\/grupotragaluz.com\\\/ca\\\/noticies\\\/#breadcrumb\",\"itemListElement\":[{\"@type\":\"ListItem\",\"position\":1,\"name\":\"Portada\",\"item\":\"https:\\\/\\\/grupotragaluz.com\\\/ca\\\/\"},{\"@type\":\"ListItem\",\"position\":2,\"name\":\"Not\u00edcies\"}]},{\"@type\":\"WebSite\",\"@id\":\"https:\\\/\\\/grupotragaluz.com\\\/ca\\\/#website\",\"url\":\"https:\\\/\\\/grupotragaluz.com\\\/ca\\\/\",\"name\":\"Grupo Tragaluz\",\"description\":\"Restaurantes Grupo Tragaluz. Cada una de las propuestas del grupo tiene un car\u00e1cter propio, fruto de un estudiado equilibrio entre gastronom\u00eda y dise\u00f1o.\",\"potentialAction\":[{\"@type\":\"SearchAction\",\"target\":{\"@type\":\"EntryPoint\",\"urlTemplate\":\"https:\\\/\\\/grupotragaluz.com\\\/ca\\\/?s={search_term_string}\"},\"query-input\":{\"@type\":\"PropertyValueSpecification\",\"valueRequired\":true,\"valueName\":\"search_term_string\"}}],\"inLanguage\":\"ca\"}]}<\/script>\n<!-- \/ Yoast SEO plugin. -->","yoast_head_json":{"title":"Not\u00edcies - Grupo Tragaluz","description":"Restaurantes Grupo Tragaluz. Cada una de las propuestas del grupo tiene un car\u00e1cter propio, fruto de un estudiado equilibrio entre gastronom\u00eda y dise\u00f1o.","robots":{"index":"index","follow":"follow","max-snippet":"max-snippet:-1","max-image-preview":"max-image-preview:large","max-video-preview":"max-video-preview:-1"},"canonical":"https:\/\/grupotragaluz.com\/ca\/noticies\/","og_locale":"ca_ES","og_type":"article","og_title":"Not\u00edcies - Grupo Tragaluz","og_description":"Restaurantes Grupo Tragaluz. Cada una de las propuestas del grupo tiene un car\u00e1cter propio, fruto de un estudiado equilibrio entre gastronom\u00eda y dise\u00f1o.","og_url":"https:\/\/grupotragaluz.com\/ca\/noticies\/","og_site_name":"Grupo Tragaluz","twitter_card":"summary_large_image","schema":{"@context":"https:\/\/schema.org","@graph":[{"@type":"WebPage","@id":"https:\/\/grupotragaluz.com\/ca\/noticies\/","url":"https:\/\/grupotragaluz.com\/ca\/noticies\/","name":"Not\u00edcies - Grupo Tragaluz","isPartOf":{"@id":"https:\/\/grupotragaluz.com\/ca\/#website"},"datePublished":"2016-06-14T13:58:22+00:00","description":"Restaurantes Grupo Tragaluz. Cada una de las propuestas del grupo tiene un car\u00e1cter propio, fruto de un estudiado equilibrio entre gastronom\u00eda y dise\u00f1o.","breadcrumb":{"@id":"https:\/\/grupotragaluz.com\/ca\/noticies\/#breadcrumb"},"inLanguage":"ca","potentialAction":[{"@type":"ReadAction","target":["https:\/\/grupotragaluz.com\/ca\/noticies\/"]}]},{"@type":"BreadcrumbList","@id":"https:\/\/grupotragaluz.com\/ca\/noticies\/#breadcrumb","itemListElement":[{"@type":"ListItem","position":1,"name":"Portada","item":"https:\/\/grupotragaluz.com\/ca\/"},{"@type":"ListItem","position":2,"name":"Not\u00edcies"}]},{"@type":"WebSite","@id":"https:\/\/grupotragaluz.com\/ca\/#website","url":"https:\/\/grupotragaluz.com\/ca\/","name":"Grupo Tragaluz","description":"Restaurantes Grupo Tragaluz. Cada una de las propuestas del grupo tiene un car\u00e1cter propio, fruto de un estudiado equilibrio entre gastronom\u00eda y dise\u00f1o.","potentialAction":[{"@type":"SearchAction","target":{"@type":"EntryPoint","urlTemplate":"https:\/\/grupotragaluz.com\/ca\/?s={search_term_string}"},"query-input":{"@type":"PropertyValueSpecification","valueRequired":true,"valueName":"search_term_string"}}],"inLanguage":"ca"}]}},"publishpress_future_action":{"enabled":false,"date":"2026-04-25 12:18:07","action":"change-status","newStatus":"draft","terms":[],"taxonomy":"translation_priority","extraData":[]},"publishpress_future_workflow_manual_trigger":{"enabledWorkflows":[]},"_links":{"self":[{"href":"https:\/\/grupotragaluz.com\/ca\/wp-json\/wp\/v2\/pages\/2020","targetHints":{"allow":["GET"]}}],"collection":[{"href":"https:\/\/grupotragaluz.com\/ca\/wp-json\/wp\/v2\/pages"}],"about":[{"href":"https:\/\/grupotragaluz.com\/ca\/wp-json\/wp\/v2\/types\/page"}],"author":[{"embeddable":true,"href":"https:\/\/grupotragaluz.com\/ca\/wp-json\/wp\/v2\/users\/2"}],"replies":[{"embeddable":true,"href":"https:\/\/grupotragaluz.com\/ca\/wp-json\/wp\/v2\/comments?post=2020"}],"version-history":[{"count":0,"href":"https:\/\/grupotragaluz.com\/ca\/wp-json\/wp\/v2\/pages\/2020\/revisions"}],"wp:attachment":[{"href":"https:\/\/grupotragaluz.com\/ca\/wp-json\/wp\/v2\/media?parent=2020"}],"curies":[{"name":"wp","href":"https:\/\/api.w.org\/{rel}","templated":true}]}}