{"id":15282,"date":"2021-01-25T11:55:12","date_gmt":"2021-01-25T10:55:12","guid":{"rendered":"https:\/\/www.miurltemporal.com\/main\/encompaniadelobos.com\/new\/en-casa\/"},"modified":"2023-02-13T13:45:31","modified_gmt":"2023-02-13T12:45:31","slug":"a-casa","status":"publish","type":"page","link":"https:\/\/grupotragaluz.com\/ca\/a-casa\/","title":{"rendered":"A casa"},"content":{"rendered":"","protected":false},"excerpt":{"rendered":"","protected":false},"author":2,"featured_media":0,"parent":0,"menu_order":0,"comment_status":"closed","ping_status":"closed","template":"page-en-casa-v2.php","meta":{"_acf_changed":false,"footnotes":""},"class_list":["post-15282","page","type-page","status-publish","hentry"],"acf":[],"yoast_head":"<!-- This site is optimized with the Yoast SEO plugin v27.3 - https:\/\/yoast.com\/product\/yoast-seo-wordpress\/ -->\n<title>A casa - Grupo Tragaluz<\/title>\n<meta name=\"description\" content=\"Et ve de gust menjar sense sortir de casa? Fes-li un cop d&#039;ull, tens totes aquestes opcions.\" \/>\n<meta name=\"robots\" content=\"index, follow, max-snippet:-1, max-image-preview:large, max-video-preview:-1\" \/>\n<link rel=\"canonical\" href=\"https:\/\/grupotragaluz.com\/ca\/a-casa\/\" \/>\n<meta property=\"og:locale\" content=\"ca_ES\" \/>\n<meta property=\"og:type\" content=\"article\" \/>\n<meta property=\"og:title\" content=\"A casa - Grupo Tragaluz\" \/>\n<meta property=\"og:description\" content=\"Et ve de gust menjar sense sortir de casa? Fes-li un cop d&#039;ull, tens totes aquestes opcions.\" \/>\n<meta property=\"og:url\" content=\"https:\/\/grupotragaluz.com\/ca\/a-casa\/\" \/>\n<meta property=\"og:site_name\" content=\"Grupo Tragaluz\" \/>\n<meta property=\"article:modified_time\" content=\"2023-02-13T12:45:31+00:00\" \/>\n<meta name=\"twitter:card\" content=\"summary_large_image\" \/>\n<script type=\"application\/ld+json\" class=\"yoast-schema-graph\">{\"@context\":\"https:\\\/\\\/schema.org\",\"@graph\":[{\"@type\":\"WebPage\",\"@id\":\"https:\\\/\\\/grupotragaluz.com\\\/ca\\\/a-casa\\\/\",\"url\":\"https:\\\/\\\/grupotragaluz.com\\\/ca\\\/a-casa\\\/\",\"name\":\"A casa - Grupo Tragaluz\",\"isPartOf\":{\"@id\":\"https:\\\/\\\/grupotragaluz.com\\\/ca\\\/#website\"},\"datePublished\":\"2021-01-25T10:55:12+00:00\",\"dateModified\":\"2023-02-13T12:45:31+00:00\",\"description\":\"Et ve de gust menjar sense sortir de casa? Fes-li un cop d'ull, tens totes aquestes opcions.\",\"breadcrumb\":{\"@id\":\"https:\\\/\\\/grupotragaluz.com\\\/ca\\\/a-casa\\\/#breadcrumb\"},\"inLanguage\":\"ca\",\"potentialAction\":[{\"@type\":\"ReadAction\",\"target\":[\"https:\\\/\\\/grupotragaluz.com\\\/ca\\\/a-casa\\\/\"]}]},{\"@type\":\"BreadcrumbList\",\"@id\":\"https:\\\/\\\/grupotragaluz.com\\\/ca\\\/a-casa\\\/#breadcrumb\",\"itemListElement\":[{\"@type\":\"ListItem\",\"position\":1,\"name\":\"Portada\",\"item\":\"https:\\\/\\\/grupotragaluz.com\\\/ca\\\/\"},{\"@type\":\"ListItem\",\"position\":2,\"name\":\"A casa\"}]},{\"@type\":\"WebSite\",\"@id\":\"https:\\\/\\\/grupotragaluz.com\\\/ca\\\/#website\",\"url\":\"https:\\\/\\\/grupotragaluz.com\\\/ca\\\/\",\"name\":\"Grupo Tragaluz\",\"description\":\"Restaurantes Grupo Tragaluz. Cada una de las propuestas del grupo tiene un car\u00e1cter propio, fruto de un estudiado equilibrio entre gastronom\u00eda y dise\u00f1o.\",\"potentialAction\":[{\"@type\":\"SearchAction\",\"target\":{\"@type\":\"EntryPoint\",\"urlTemplate\":\"https:\\\/\\\/grupotragaluz.com\\\/ca\\\/?s={search_term_string}\"},\"query-input\":{\"@type\":\"PropertyValueSpecification\",\"valueRequired\":true,\"valueName\":\"search_term_string\"}}],\"inLanguage\":\"ca\"}]}<\/script>\n<!-- \/ Yoast SEO plugin. -->","yoast_head_json":{"title":"A casa - Grupo Tragaluz","description":"Et ve de gust menjar sense sortir de casa? Fes-li un cop d'ull, tens totes aquestes opcions.","robots":{"index":"index","follow":"follow","max-snippet":"max-snippet:-1","max-image-preview":"max-image-preview:large","max-video-preview":"max-video-preview:-1"},"canonical":"https:\/\/grupotragaluz.com\/ca\/a-casa\/","og_locale":"ca_ES","og_type":"article","og_title":"A casa - Grupo Tragaluz","og_description":"Et ve de gust menjar sense sortir de casa? Fes-li un cop d'ull, tens totes aquestes opcions.","og_url":"https:\/\/grupotragaluz.com\/ca\/a-casa\/","og_site_name":"Grupo Tragaluz","article_modified_time":"2023-02-13T12:45:31+00:00","twitter_card":"summary_large_image","schema":{"@context":"https:\/\/schema.org","@graph":[{"@type":"WebPage","@id":"https:\/\/grupotragaluz.com\/ca\/a-casa\/","url":"https:\/\/grupotragaluz.com\/ca\/a-casa\/","name":"A casa - Grupo Tragaluz","isPartOf":{"@id":"https:\/\/grupotragaluz.com\/ca\/#website"},"datePublished":"2021-01-25T10:55:12+00:00","dateModified":"2023-02-13T12:45:31+00:00","description":"Et ve de gust menjar sense sortir de casa? Fes-li un cop d'ull, tens totes aquestes opcions.","breadcrumb":{"@id":"https:\/\/grupotragaluz.com\/ca\/a-casa\/#breadcrumb"},"inLanguage":"ca","potentialAction":[{"@type":"ReadAction","target":["https:\/\/grupotragaluz.com\/ca\/a-casa\/"]}]},{"@type":"BreadcrumbList","@id":"https:\/\/grupotragaluz.com\/ca\/a-casa\/#breadcrumb","itemListElement":[{"@type":"ListItem","position":1,"name":"Portada","item":"https:\/\/grupotragaluz.com\/ca\/"},{"@type":"ListItem","position":2,"name":"A casa"}]},{"@type":"WebSite","@id":"https:\/\/grupotragaluz.com\/ca\/#website","url":"https:\/\/grupotragaluz.com\/ca\/","name":"Grupo Tragaluz","description":"Restaurantes Grupo Tragaluz. Cada una de las propuestas del grupo tiene un car\u00e1cter propio, fruto de un estudiado equilibrio entre gastronom\u00eda y dise\u00f1o.","potentialAction":[{"@type":"SearchAction","target":{"@type":"EntryPoint","urlTemplate":"https:\/\/grupotragaluz.com\/ca\/?s={search_term_string}"},"query-input":{"@type":"PropertyValueSpecification","valueRequired":true,"valueName":"search_term_string"}}],"inLanguage":"ca"}]}},"publishpress_future_action":{"enabled":false,"date":"2026-04-26 10:45:28","action":"change-status","newStatus":"draft","terms":[],"taxonomy":"translation_priority","extraData":[]},"publishpress_future_workflow_manual_trigger":{"enabledWorkflows":[]},"_links":{"self":[{"href":"https:\/\/grupotragaluz.com\/ca\/wp-json\/wp\/v2\/pages\/15282","targetHints":{"allow":["GET"]}}],"collection":[{"href":"https:\/\/grupotragaluz.com\/ca\/wp-json\/wp\/v2\/pages"}],"about":[{"href":"https:\/\/grupotragaluz.com\/ca\/wp-json\/wp\/v2\/types\/page"}],"author":[{"embeddable":true,"href":"https:\/\/grupotragaluz.com\/ca\/wp-json\/wp\/v2\/users\/2"}],"replies":[{"embeddable":true,"href":"https:\/\/grupotragaluz.com\/ca\/wp-json\/wp\/v2\/comments?post=15282"}],"version-history":[{"count":1,"href":"https:\/\/grupotragaluz.com\/ca\/wp-json\/wp\/v2\/pages\/15282\/revisions"}],"predecessor-version":[{"id":20291,"href":"https:\/\/grupotragaluz.com\/ca\/wp-json\/wp\/v2\/pages\/15282\/revisions\/20291"}],"wp:attachment":[{"href":"https:\/\/grupotragaluz.com\/ca\/wp-json\/wp\/v2\/media?parent=15282"}],"curies":[{"name":"wp","href":"https:\/\/api.w.org\/{rel}","templated":true}]}}