{"id":13548,"date":"2020-05-20T10:37:54","date_gmt":"2020-05-20T08:37:54","guid":{"rendered":"https:\/\/www.miurltemporal.com\/main\/encompaniadelobos.com\/new\/home-test\/"},"modified":"2025-10-20T13:14:06","modified_gmt":"2025-10-20T11:14:06","slug":"home","status":"publish","type":"page","link":"https:\/\/grupotragaluz.com\/ca\/","title":{"rendered":"Home"},"content":{"rendered":"","protected":false},"excerpt":{"rendered":"","protected":false},"author":2,"featured_media":25130,"parent":0,"menu_order":35,"comment_status":"closed","ping_status":"closed","template":"page-home-sa-marinada.php","meta":{"_acf_changed":false,"footnotes":""},"class_list":["post-13548","page","type-page","status-publish","has-post-thumbnail","hentry"],"acf":[],"yoast_head":"<!-- This site is optimized with the Yoast SEO plugin v27.3 - https:\/\/yoast.com\/product\/yoast-seo-wordpress\/ -->\n<title>Grupo Tragaluz - Restaurants | Grupo Tragaluz<\/title>\n<meta name=\"description\" content=\"Restaurants Grupo Tragaluz. Cadascuna de les propostes del grup t\u00e9 un car\u00e0cter propi, fruit d&#039;un estudi equilibri entre gastronomia i disseny.\" \/>\n<meta name=\"robots\" content=\"index, follow, max-snippet:-1, max-image-preview:large, max-video-preview:-1\" \/>\n<link rel=\"canonical\" href=\"https:\/\/grupotragaluz.com\/ca\/\" \/>\n<meta property=\"og:locale\" content=\"ca_ES\" \/>\n<meta property=\"og:type\" content=\"article\" \/>\n<meta property=\"og:title\" content=\"Grupo Tragaluz - Restaurants | Grupo Tragaluz\" \/>\n<meta property=\"og:description\" content=\"Restaurants Grupo Tragaluz. Cadascuna de les propostes del grup t\u00e9 un car\u00e0cter propi, fruit d&#039;un estudi equilibri entre gastronomia i disseny.\" \/>\n<meta property=\"og:url\" content=\"https:\/\/grupotragaluz.com\/ca\/\" \/>\n<meta property=\"og:site_name\" content=\"Grupo Tragaluz\" \/>\n<meta property=\"article:modified_time\" content=\"2025-10-20T11:14:06+00:00\" \/>\n<meta property=\"og:image\" content=\"https:\/\/grupotragaluz.com\/wp-content\/uploads\/logo-grupo-tragaluz.jpg\" \/>\n\t<meta property=\"og:image:width\" content=\"300\" \/>\n\t<meta property=\"og:image:height\" content=\"300\" \/>\n\t<meta property=\"og:image:type\" content=\"image\/jpeg\" \/>\n<meta name=\"twitter:card\" content=\"summary_large_image\" \/>\n<meta name=\"twitter:label1\" content=\"Est. reading time\" \/>\n\t<meta name=\"twitter:data1\" content=\"1 minute\" \/>\n<script type=\"application\/ld+json\" class=\"yoast-schema-graph\">{\"@context\":\"https:\\\/\\\/schema.org\",\"@graph\":[{\"@type\":\"WebPage\",\"@id\":\"https:\\\/\\\/grupotragaluz.com\\\/ca\\\/\",\"url\":\"https:\\\/\\\/grupotragaluz.com\\\/ca\\\/\",\"name\":\"Grupo Tragaluz - Restaurants | Grupo Tragaluz\",\"isPartOf\":{\"@id\":\"https:\\\/\\\/grupotragaluz.com\\\/ca\\\/#website\"},\"primaryImageOfPage\":{\"@id\":\"https:\\\/\\\/grupotragaluz.com\\\/ca\\\/#primaryimage\"},\"image\":{\"@id\":\"https:\\\/\\\/grupotragaluz.com\\\/ca\\\/#primaryimage\"},\"thumbnailUrl\":\"https:\\\/\\\/grupotragaluz.com\\\/wp-content\\\/uploads\\\/logo-grupo-tragaluz.jpg\",\"datePublished\":\"2020-05-20T08:37:54+00:00\",\"dateModified\":\"2025-10-20T11:14:06+00:00\",\"description\":\"Restaurants Grupo Tragaluz. Cadascuna de les propostes del grup t\u00e9 un car\u00e0cter propi, fruit d'un estudi equilibri entre gastronomia i disseny.\",\"breadcrumb\":{\"@id\":\"https:\\\/\\\/grupotragaluz.com\\\/ca\\\/#breadcrumb\"},\"inLanguage\":\"ca\",\"potentialAction\":[{\"@type\":\"ReadAction\",\"target\":[\"https:\\\/\\\/grupotragaluz.com\\\/ca\\\/\"]}]},{\"@type\":\"ImageObject\",\"inLanguage\":\"ca\",\"@id\":\"https:\\\/\\\/grupotragaluz.com\\\/ca\\\/#primaryimage\",\"url\":\"https:\\\/\\\/grupotragaluz.com\\\/wp-content\\\/uploads\\\/logo-grupo-tragaluz.jpg\",\"contentUrl\":\"https:\\\/\\\/grupotragaluz.com\\\/wp-content\\\/uploads\\\/logo-grupo-tragaluz.jpg\",\"width\":300,\"height\":300},{\"@type\":\"BreadcrumbList\",\"@id\":\"https:\\\/\\\/grupotragaluz.com\\\/ca\\\/#breadcrumb\",\"itemListElement\":[{\"@type\":\"ListItem\",\"position\":1,\"name\":\"Portada\",\"item\":\"https:\\\/\\\/grupotragaluz.com\\\/ca\\\/\"},{\"@type\":\"ListItem\",\"position\":2,\"name\":\"Home\"}]},{\"@type\":\"WebSite\",\"@id\":\"https:\\\/\\\/grupotragaluz.com\\\/ca\\\/#website\",\"url\":\"https:\\\/\\\/grupotragaluz.com\\\/ca\\\/\",\"name\":\"Grupo Tragaluz\",\"description\":\"Restaurantes Grupo Tragaluz. Cada una de las propuestas del grupo tiene un car\u00e1cter propio, fruto de un estudiado equilibrio entre gastronom\u00eda y dise\u00f1o.\",\"potentialAction\":[{\"@type\":\"SearchAction\",\"target\":{\"@type\":\"EntryPoint\",\"urlTemplate\":\"https:\\\/\\\/grupotragaluz.com\\\/ca\\\/?s={search_term_string}\"},\"query-input\":{\"@type\":\"PropertyValueSpecification\",\"valueRequired\":true,\"valueName\":\"search_term_string\"}}],\"inLanguage\":\"ca\"}]}<\/script>\n<!-- \/ Yoast SEO plugin. -->","yoast_head_json":{"title":"Grupo Tragaluz - Restaurants | Grupo Tragaluz","description":"Restaurants Grupo Tragaluz. Cadascuna de les propostes del grup t\u00e9 un car\u00e0cter propi, fruit d'un estudi equilibri entre gastronomia i disseny.","robots":{"index":"index","follow":"follow","max-snippet":"max-snippet:-1","max-image-preview":"max-image-preview:large","max-video-preview":"max-video-preview:-1"},"canonical":"https:\/\/grupotragaluz.com\/ca\/","og_locale":"ca_ES","og_type":"article","og_title":"Grupo Tragaluz - Restaurants | Grupo Tragaluz","og_description":"Restaurants Grupo Tragaluz. Cadascuna de les propostes del grup t\u00e9 un car\u00e0cter propi, fruit d'un estudi equilibri entre gastronomia i disseny.","og_url":"https:\/\/grupotragaluz.com\/ca\/","og_site_name":"Grupo Tragaluz","article_modified_time":"2025-10-20T11:14:06+00:00","og_image":[{"width":300,"height":300,"url":"https:\/\/grupotragaluz.com\/wp-content\/uploads\/logo-grupo-tragaluz.jpg","type":"image\/jpeg"}],"twitter_card":"summary_large_image","twitter_misc":{"Est. reading time":"1 minute"},"schema":{"@context":"https:\/\/schema.org","@graph":[{"@type":"WebPage","@id":"https:\/\/grupotragaluz.com\/ca\/","url":"https:\/\/grupotragaluz.com\/ca\/","name":"Grupo Tragaluz - Restaurants | Grupo Tragaluz","isPartOf":{"@id":"https:\/\/grupotragaluz.com\/ca\/#website"},"primaryImageOfPage":{"@id":"https:\/\/grupotragaluz.com\/ca\/#primaryimage"},"image":{"@id":"https:\/\/grupotragaluz.com\/ca\/#primaryimage"},"thumbnailUrl":"https:\/\/grupotragaluz.com\/wp-content\/uploads\/logo-grupo-tragaluz.jpg","datePublished":"2020-05-20T08:37:54+00:00","dateModified":"2025-10-20T11:14:06+00:00","description":"Restaurants Grupo Tragaluz. Cadascuna de les propostes del grup t\u00e9 un car\u00e0cter propi, fruit d'un estudi equilibri entre gastronomia i disseny.","breadcrumb":{"@id":"https:\/\/grupotragaluz.com\/ca\/#breadcrumb"},"inLanguage":"ca","potentialAction":[{"@type":"ReadAction","target":["https:\/\/grupotragaluz.com\/ca\/"]}]},{"@type":"ImageObject","inLanguage":"ca","@id":"https:\/\/grupotragaluz.com\/ca\/#primaryimage","url":"https:\/\/grupotragaluz.com\/wp-content\/uploads\/logo-grupo-tragaluz.jpg","contentUrl":"https:\/\/grupotragaluz.com\/wp-content\/uploads\/logo-grupo-tragaluz.jpg","width":300,"height":300},{"@type":"BreadcrumbList","@id":"https:\/\/grupotragaluz.com\/ca\/#breadcrumb","itemListElement":[{"@type":"ListItem","position":1,"name":"Portada","item":"https:\/\/grupotragaluz.com\/ca\/"},{"@type":"ListItem","position":2,"name":"Home"}]},{"@type":"WebSite","@id":"https:\/\/grupotragaluz.com\/ca\/#website","url":"https:\/\/grupotragaluz.com\/ca\/","name":"Grupo Tragaluz","description":"Restaurantes Grupo Tragaluz. Cada una de las propuestas del grupo tiene un car\u00e1cter propio, fruto de un estudiado equilibrio entre gastronom\u00eda y dise\u00f1o.","potentialAction":[{"@type":"SearchAction","target":{"@type":"EntryPoint","urlTemplate":"https:\/\/grupotragaluz.com\/ca\/?s={search_term_string}"},"query-input":{"@type":"PropertyValueSpecification","valueRequired":true,"valueName":"search_term_string"}}],"inLanguage":"ca"}]}},"publishpress_future_action":{"enabled":false,"date":"2026-04-24 06:49:36","action":"change-status","newStatus":"draft","terms":[],"taxonomy":"translation_priority","extraData":[]},"publishpress_future_workflow_manual_trigger":{"enabledWorkflows":[]},"_links":{"self":[{"href":"https:\/\/grupotragaluz.com\/ca\/wp-json\/wp\/v2\/pages\/13548","targetHints":{"allow":["GET"]}}],"collection":[{"href":"https:\/\/grupotragaluz.com\/ca\/wp-json\/wp\/v2\/pages"}],"about":[{"href":"https:\/\/grupotragaluz.com\/ca\/wp-json\/wp\/v2\/types\/page"}],"author":[{"embeddable":true,"href":"https:\/\/grupotragaluz.com\/ca\/wp-json\/wp\/v2\/users\/2"}],"replies":[{"embeddable":true,"href":"https:\/\/grupotragaluz.com\/ca\/wp-json\/wp\/v2\/comments?post=13548"}],"version-history":[{"count":10,"href":"https:\/\/grupotragaluz.com\/ca\/wp-json\/wp\/v2\/pages\/13548\/revisions"}],"predecessor-version":[{"id":31116,"href":"https:\/\/grupotragaluz.com\/ca\/wp-json\/wp\/v2\/pages\/13548\/revisions\/31116"}],"wp:featuredmedia":[{"embeddable":true,"href":"https:\/\/grupotragaluz.com\/ca\/wp-json\/wp\/v2\/media\/25130"}],"wp:attachment":[{"href":"https:\/\/grupotragaluz.com\/ca\/wp-json\/wp\/v2\/media?parent=13548"}],"curies":[{"name":"wp","href":"https:\/\/api.w.org\/{rel}","templated":true}]}}